{"id":4424,"date":"2020-03-23T14:33:27","date_gmt":"2020-03-23T14:33:27","guid":{"rendered":"https:\/\/jet-cleaning.com\/machines\/"},"modified":"2025-08-07T09:35:31","modified_gmt":"2025-08-07T08:35:31","slug":"machines","status":"publish","type":"page","link":"https:\/\/jet-cleaning.com\/fr\/machines\/","title":{"rendered":"Machines"},"content":{"rendered":"<div class=\"container mq-medium txt-img-block pt-5 pb-5\">\n    <div class=\"row d-flex align-items-center\">\n        <div class=\"wit-vlak\"><\/div>\n        <div class=\"col-md-4 order-md-2\">\n            <img decoding=\"async\" class=\"img-fluid mb-5\" src=\"\" alt=\"\">\n        <\/div><!-- \/End image -->\n        \n        <div class=\"col-md-8 order-md-1\">\n                <h1>\n                    Machines de nettoyage pour rouleaux anilox\n                <\/h1>\n                    <p>Chaque type de rouleau anilox exige une m\u00e9thode de nettoyage optimal. C\u2019est pourquoi notre assortiment consiste de diff\u00e9rentes machines de nettoyage \u00e0 diff\u00e9rentes techniques de nettoyage. Pour chaque type de rouleau, nous avons une machine appropri\u00e9e de nettoyage.<\/p>\n\n        <\/div><!-- \/End tekst -->\n    <\/div>\n<\/div>\n\n<div class=\"container mq-medium txt-img-block pt-5 pb-5\">\n    <div class=\"row d-flex align-items-center\">\n        <div class=\"wit-vlak\"><\/div>\n        <div class=\"col-md-4 order-md-2\">\n            <img decoding=\"async\" class=\"img-fluid mb-5\" src=\"\" alt=\"\">\n        <\/div><!-- \/End image -->\n        \n        <div class=\"col-md-8 order-md-1\">\n                <h2>\n                    Nettoyage professionnel de vos rouleaux anilox\n                <\/h2>\n                    <p>Vous pouvez \u00e0 tout moment proc\u00e9der vous-m\u00eame au nettoyage professionnel de vos rouleaux anilox \u00e0 l\u2019aide de nos machines de nettoyage. En effet, nous savons que les rouleaux anilox constituent une partie essentielle de votre processus de production.  Les d\u00e9lais de travail \u00e9tant toujours courts, les rouleaux ne doivent pas faire d\u00e9faut trop longtemps. Le processus de nettoyage avec nos machines est donc rapide et efficace. Les rouleaux anilox sont pr\u00eats \u00e0 l\u2018emploi directement apr\u00e8s leur nettoyage.<\/p>\n\n        <\/div><!-- \/End tekst -->\n    <\/div>\n<\/div>\n\n<div class=\"container-fluid fullColorBG pt-6 pb-6 background-donkerblauw\">\n    <div class=\"container mq-medium\">\n        <div class=\"row d-flex align-items-center\">\n    <div class=\"col-md-4 col-lg-3 order-md-1\">\n            <a href=\"https:\/\/jet-cleaning.com\/fr\/bioclean\/\">\n                <img decoding=\"async\" class=\"img-fluid mb-5\" src=\"https:\/\/jet-cleaning.com\/wp-content\/uploads\/2020\/03\/bioclean-selector.png\" alt=\"\">\n             <\/a>\n            <\/div><!-- \/End image -->\n\n        <div class=\"col-md-8 order-md-2 offset-md-0 offset-lg-1\">\n            <h3 class=\"mb-4\"><p>S\u00e9lectionnez le bon produit de nettoyage avec notre BioClean selector<\/p>\n<\/h3>\n        <\/div><!-- \/End tekst -->\n\n        <\/div>\n    <\/div>\n<\/div>\n\n<div class=\"container mq-medium hide-lijn\">\n<div class=\"row  pb-5\">\n    <div class=\"lijn background-lightblue\"><\/div>\n    <\/div>\n<\/div>\n\n<div class=\"container mq-medium twee-producten-block pt-5 pb-5\">\n    <div class=\"row\">\n        <div class=\"col-md-6 product-container mb-5\">\n            <a href=\"https:\/\/jet-cleaning.com\/fr\/biojet-cabinet\/\">\n                <div class=\"product-img mb-5\">\n                    <img decoding=\"async\" class=\"img-fluid\" src=\"https:\/\/jet-cleaning.com\/wp-content\/uploads\/2020\/03\/biojet-cabinet.jpg\" alt=\"\">\n                <\/div>\n                <h3 class=\"match-heading mb-4\">BioJet Cabinet<\/h3>\n                <p><p>Le syst\u00e8me Biojet Cabinet nettoie vos rouleaux anilox efficacement, de mani\u00e8re compl\u00e9tement automatique et sans poussi\u00e8re. Le syst\u00e8me Biojet fonctionne avec de la poudre de bicarbonate de sodium \u00ab s\u00e8che \u00bb.<\/p>\n<\/p>\n            <\/a>\n        <\/div>\n\n        <div class=\"col-md-6 product-container mb-5\">\n            <a href=\"https:\/\/jet-cleaning.com\/fr\/biojet-inpress\/\">\n                <div class=\"product-img mb-5\">\n                    <img decoding=\"async\" class=\"img-fluid\" src=\"https:\/\/jet-cleaning.com\/wp-content\/uploads\/2020\/03\/biojet-inpress.jpg\" alt=\"\">\n                <\/div>\n                <h3 class=\"match-heading mb-4\">Biojet inPress<\/h3>\n                <p><p>Le syst\u00e8me Biojet In-press nettoie vos rouleaux anilox dans la presse. Un avantage important du syst\u00e8me In-press est que vous ne devez pas d\u00e9monter puis remonter vos rouleaux. Le syst\u00e8me de nettoyage Biojet fonctionne avec de la poudre de bicarbonate de soude \u00ab s\u00e8che \u00bb.<\/p>\n<\/p>\n            <\/a>\n        <\/div>\n    <\/div>\n<\/div>\n\n<div class=\"container mq-medium twee-producten-block pt-5 pb-5\">\n    <div class=\"row\">\n        <div class=\"col-md-6 product-container mb-5\">\n            <a href=\"https:\/\/jet-cleaning.com\/fr\/deepwave\/\">\n                <div class=\"product-img mb-5\">\n                    <img decoding=\"async\" class=\"img-fluid\" src=\"https:\/\/jet-cleaning.com\/wp-content\/uploads\/2020\/10\/Deepwave-visuals4-1-768x496.jpg\" alt=\"\">\n                <\/div>\n                <h3 class=\"match-heading mb-4\">DeepWave<\/h3>\n                <p><p>La DeepWave sert en ligne et hors ligne \u00e0 nettoyer en profondeur les rouleaux anilox. Le liquide de nettoyage s\u2019ins\u00e8re en ligne par le positionnement automatique de la t\u00eate. Sous haute pression, la t\u00eate proc\u00e8de \u00e0 l\u2019\u00e9limination de l\u2019encre dissolu et les salissures des cellules en les aspirant simultan\u00e9ment. Le processus de nettoyage ne produit jamais de vapeurs humides.<\/p>\n<\/p>\n            <\/a>\n        <\/div>\n\n        <div class=\"col-md-6 product-container mb-5\">\n            <a href=\"https:\/\/jet-cleaning.com\/fr\/deepwave\/\">\n                <div class=\"product-img mb-5\">\n                    <img decoding=\"async\" class=\"img-fluid\" src=\"\" alt=\"\">\n                <\/div>\n                <h3 class=\"match-heading mb-4\"><\/h3>\n                <p><\/p>\n            <\/a>\n        <\/div>\n    <\/div>\n<\/div>","protected":false},"excerpt":{"rendered":"","protected":false},"author":1,"featured_media":0,"parent":0,"menu_order":0,"comment_status":"closed","ping_status":"closed","template":"","meta":{"_acf_changed":false,"footnotes":""},"class_list":["post-4424","page","type-page","status-publish","hentry"],"acf":[],"yoast_head":"<!-- This site is optimized with the Yoast SEO plugin v27.4 - https:\/\/yoast.com\/product\/yoast-seo-wordpress\/ -->\n<title>Machines de nettoyage pour rouleaux anilox - Jet Cleaning<\/title>\n<meta name=\"description\" content=\"pour chaque type de rouleau anilox nous vendons la machine de nettoyage appropri\u00e9e qui r\u00e9pond \u00e0 vos exigences de nettoyage correcte de vos rouleaux.\" \/>\n<meta name=\"robots\" content=\"index, follow, max-snippet:-1, max-image-preview:large, max-video-preview:-1\" \/>\n<link rel=\"canonical\" href=\"https:\/\/jet-cleaning.com\/fr\/machines\/\" \/>\n<meta property=\"og:locale\" content=\"fr_FR\" \/>\n<meta property=\"og:type\" content=\"article\" \/>\n<meta property=\"og:title\" content=\"Machines de nettoyage pour rouleaux anilox - Jet Cleaning\" \/>\n<meta property=\"og:description\" content=\"pour chaque type de rouleau anilox nous vendons la machine de nettoyage appropri\u00e9e qui r\u00e9pond \u00e0 vos exigences de nettoyage correcte de vos rouleaux.\" \/>\n<meta property=\"og:url\" content=\"https:\/\/jet-cleaning.com\/fr\/machines\/\" \/>\n<meta property=\"og:site_name\" content=\"Jet Cleaning\" \/>\n<meta property=\"article:modified_time\" content=\"2025-08-07T08:35:31+00:00\" \/>\n<meta name=\"twitter:card\" content=\"summary_large_image\" \/>\n<meta name=\"twitter:label1\" content=\"Dur\u00e9e de lecture estim\u00e9e\" \/>\n\t<meta name=\"twitter:data1\" content=\"3 minutes\" \/>\n<script type=\"application\/ld+json\" class=\"yoast-schema-graph\">{\"@context\":\"https:\\\/\\\/schema.org\",\"@graph\":[{\"@type\":\"WebPage\",\"@id\":\"https:\\\/\\\/jet-cleaning.com\\\/fr\\\/machines\\\/\",\"url\":\"https:\\\/\\\/jet-cleaning.com\\\/fr\\\/machines\\\/\",\"name\":\"Machines de nettoyage pour rouleaux anilox - Jet Cleaning\",\"isPartOf\":{\"@id\":\"https:\\\/\\\/jet-cleaning.com\\\/fr\\\/#website\"},\"datePublished\":\"2020-03-23T14:33:27+00:00\",\"dateModified\":\"2025-08-07T08:35:31+00:00\",\"description\":\"pour chaque type de rouleau anilox nous vendons la machine de nettoyage appropri\u00e9e qui r\u00e9pond \u00e0 vos exigences de nettoyage correcte de vos rouleaux.\",\"breadcrumb\":{\"@id\":\"https:\\\/\\\/jet-cleaning.com\\\/fr\\\/machines\\\/#breadcrumb\"},\"inLanguage\":\"fr-FR\",\"potentialAction\":[{\"@type\":\"ReadAction\",\"target\":[\"https:\\\/\\\/jet-cleaning.com\\\/fr\\\/machines\\\/\"]}]},{\"@type\":\"BreadcrumbList\",\"@id\":\"https:\\\/\\\/jet-cleaning.com\\\/fr\\\/machines\\\/#breadcrumb\",\"itemListElement\":[{\"@type\":\"ListItem\",\"position\":1,\"name\":\"Home\",\"item\":\"https:\\\/\\\/jet-cleaning.com\\\/fr\\\/\"},{\"@type\":\"ListItem\",\"position\":2,\"name\":\"Machines\"}]},{\"@type\":\"WebSite\",\"@id\":\"https:\\\/\\\/jet-cleaning.com\\\/fr\\\/#website\",\"url\":\"https:\\\/\\\/jet-cleaning.com\\\/fr\\\/\",\"name\":\"Jet Cleaning\",\"description\":\"Total cleaning solutions\",\"potentialAction\":[{\"@type\":\"SearchAction\",\"target\":{\"@type\":\"EntryPoint\",\"urlTemplate\":\"https:\\\/\\\/jet-cleaning.com\\\/fr\\\/?s={search_term_string}\"},\"query-input\":{\"@type\":\"PropertyValueSpecification\",\"valueRequired\":true,\"valueName\":\"search_term_string\"}}],\"inLanguage\":\"fr-FR\"}]}<\/script>\n<!-- \/ Yoast SEO plugin. -->","yoast_head_json":{"title":"Machines de nettoyage pour rouleaux anilox - Jet Cleaning","description":"pour chaque type de rouleau anilox nous vendons la machine de nettoyage appropri\u00e9e qui r\u00e9pond \u00e0 vos exigences de nettoyage correcte de vos rouleaux.","robots":{"index":"index","follow":"follow","max-snippet":"max-snippet:-1","max-image-preview":"max-image-preview:large","max-video-preview":"max-video-preview:-1"},"canonical":"https:\/\/jet-cleaning.com\/fr\/machines\/","og_locale":"fr_FR","og_type":"article","og_title":"Machines de nettoyage pour rouleaux anilox - Jet Cleaning","og_description":"pour chaque type de rouleau anilox nous vendons la machine de nettoyage appropri\u00e9e qui r\u00e9pond \u00e0 vos exigences de nettoyage correcte de vos rouleaux.","og_url":"https:\/\/jet-cleaning.com\/fr\/machines\/","og_site_name":"Jet Cleaning","article_modified_time":"2025-08-07T08:35:31+00:00","twitter_card":"summary_large_image","twitter_misc":{"Dur\u00e9e de lecture estim\u00e9e":"3 minutes"},"schema":{"@context":"https:\/\/schema.org","@graph":[{"@type":"WebPage","@id":"https:\/\/jet-cleaning.com\/fr\/machines\/","url":"https:\/\/jet-cleaning.com\/fr\/machines\/","name":"Machines de nettoyage pour rouleaux anilox - Jet Cleaning","isPartOf":{"@id":"https:\/\/jet-cleaning.com\/fr\/#website"},"datePublished":"2020-03-23T14:33:27+00:00","dateModified":"2025-08-07T08:35:31+00:00","description":"pour chaque type de rouleau anilox nous vendons la machine de nettoyage appropri\u00e9e qui r\u00e9pond \u00e0 vos exigences de nettoyage correcte de vos rouleaux.","breadcrumb":{"@id":"https:\/\/jet-cleaning.com\/fr\/machines\/#breadcrumb"},"inLanguage":"fr-FR","potentialAction":[{"@type":"ReadAction","target":["https:\/\/jet-cleaning.com\/fr\/machines\/"]}]},{"@type":"BreadcrumbList","@id":"https:\/\/jet-cleaning.com\/fr\/machines\/#breadcrumb","itemListElement":[{"@type":"ListItem","position":1,"name":"Home","item":"https:\/\/jet-cleaning.com\/fr\/"},{"@type":"ListItem","position":2,"name":"Machines"}]},{"@type":"WebSite","@id":"https:\/\/jet-cleaning.com\/fr\/#website","url":"https:\/\/jet-cleaning.com\/fr\/","name":"Jet Cleaning","description":"Total cleaning solutions","potentialAction":[{"@type":"SearchAction","target":{"@type":"EntryPoint","urlTemplate":"https:\/\/jet-cleaning.com\/fr\/?s={search_term_string}"},"query-input":{"@type":"PropertyValueSpecification","valueRequired":true,"valueName":"search_term_string"}}],"inLanguage":"fr-FR"}]}},"_links":{"self":[{"href":"https:\/\/jet-cleaning.com\/fr\/wp-json\/wp\/v2\/pages\/4424","targetHints":{"allow":["GET"]}}],"collection":[{"href":"https:\/\/jet-cleaning.com\/fr\/wp-json\/wp\/v2\/pages"}],"about":[{"href":"https:\/\/jet-cleaning.com\/fr\/wp-json\/wp\/v2\/types\/page"}],"author":[{"embeddable":true,"href":"https:\/\/jet-cleaning.com\/fr\/wp-json\/wp\/v2\/users\/1"}],"replies":[{"embeddable":true,"href":"https:\/\/jet-cleaning.com\/fr\/wp-json\/wp\/v2\/comments?post=4424"}],"version-history":[{"count":21,"href":"https:\/\/jet-cleaning.com\/fr\/wp-json\/wp\/v2\/pages\/4424\/revisions"}],"predecessor-version":[{"id":13135,"href":"https:\/\/jet-cleaning.com\/fr\/wp-json\/wp\/v2\/pages\/4424\/revisions\/13135"}],"wp:attachment":[{"href":"https:\/\/jet-cleaning.com\/fr\/wp-json\/wp\/v2\/media?parent=4424"}],"curies":[{"name":"wp","href":"https:\/\/api.w.org\/{rel}","templated":true}]}}