{"id":2617,"date":"2020-04-03T14:11:59","date_gmt":"2020-04-03T13:11:59","guid":{"rendered":"https:\/\/jet-cleaning.com\/biojet-cabinet\/"},"modified":"2021-03-08T15:25:19","modified_gmt":"2021-03-08T14:25:19","slug":"biojet-cabinet","status":"publish","type":"page","link":"https:\/\/jet-cleaning.com\/fr\/biojet-cabinet\/","title":{"rendered":"BioJet Cabinet"},"content":{"rendered":"<div class='container my-5'>\n<p><\/p>\n<\/div>\n\n<div class=\"container mq-medium txt-usp-block\">\n    <div class=\"row\">\n                <div class=\"col-md-12 col-lg-12 mb-4 pr-0 pr-md-5 order-md-1\">\n                       <h1>\n                Machine de nettoyage BioJet Cabinet \n                <\/h1>\n                    <p>La m\u00e9thode BioJet est une m\u00e9thode respectueuse de l\u2019environnement pour un nettoyage rapide et effectif de vos rouleaux anilox.<\/p>\n\n        <\/div><!-- \/End tekst -->\n            <\/div><!-- \/End row-->\n<\/div>\n\n<div class=\"container mq-medium txt-usp-block\">\n    <div class=\"row\">\n                <div class=\"col-md-12 col-lg-12 mb-4 pr-0 pr-md-5 order-md-1\">\n                       <h2>\n                Fonctionnement du BioJet Cabinet\n                <\/h2>\n                    <p>Le BioJet Cabinet nettoie vos rouleau anilox au moyen de jets de bicarbonate de soude (NaHCO3). Avec une pression de 2,8-2,3 bar, le BioJet Cabinet projette le bicarbonate de soude (duret\u00e9 2,5 Moh) contre le rouleau anilox (duret\u00e9 6,5 Moh) en c\u00e9ramique afin d\u2019\u00e9liminer la salissure des cellules. Le force du jet suffit donc \u00e0 \u00e9limer la salissure des cellules sans endommager le rouleau anilox en c\u00e9ramique ou en chrome.<\/p>\n\n        <\/div><!-- \/End tekst -->\n            <\/div><!-- \/End row-->\n<\/div>\n\n<div class=\"container mq-medium \">\n<div class=\"row  \">\n    <div class=\"lijn background-lightblue\"><\/div>\n    <\/div>\n<\/div>\n\n<div class=\"container mq-medium productinfo-block pt-5 pb-5\">\n    <div class=\"row\">\n        <div class=\"col-md-8 order-md-1\">\n            \n                            <div class=\"swiper-container swiper-product-slider\">\n                    <div class=\"swiper-wrapper\">\n                                             <div class=\"swiper-slide\">\n                            <img decoding=\"async\" data-mfp-src=\"https:\/\/jet-cleaning.com\/wp-content\/uploads\/2020\/04\/BioJet-Cabinet-1024x551.jpg\" src=\"https:\/\/jet-cleaning.com\/wp-content\/uploads\/2020\/04\/BioJet-Cabinet-768x413.jpg\" class=\"img-fluid\" style=\"max-height: 300px; width: auto; height: auto;\" alt=\"\" \/><\/div>\n                                             <div class=\"swiper-slide\">\n                            <img decoding=\"async\" data-mfp-src=\"https:\/\/jet-cleaning.com\/wp-content\/uploads\/2020\/04\/InPress_meters-1024x682.jpg\" src=\"https:\/\/jet-cleaning.com\/wp-content\/uploads\/2020\/04\/InPress_meters-768x512.jpg\" class=\"img-fluid\" style=\"max-height: 300px; width: auto; height: auto;\" alt=\"\" \/><\/div>\n                                             <div class=\"swiper-slide\">\n                            <img decoding=\"async\" data-mfp-src=\"https:\/\/jet-cleaning.com\/wp-content\/uploads\/2020\/04\/IMG_7541-768x1024.jpg\" src=\"https:\/\/jet-cleaning.com\/wp-content\/uploads\/2020\/04\/IMG_7541-768x1024.jpg\" class=\"img-fluid\" style=\"max-height: 300px; width: auto; height: auto;\" alt=\"\" \/><\/div>\n                                             <div class=\"swiper-slide\">\n                            <img decoding=\"async\" data-mfp-src=\"https:\/\/jet-cleaning.com\/wp-content\/uploads\/2020\/04\/IMG_0394-768x1024.jpg\" src=\"https:\/\/jet-cleaning.com\/wp-content\/uploads\/2020\/04\/IMG_0394-768x1024.jpg\" class=\"img-fluid\" style=\"max-height: 300px; width: auto; height: auto;\" alt=\"\" \/><\/div>\n                                             <div class=\"swiper-slide\">\n                            <img decoding=\"async\" data-mfp-src=\"https:\/\/jet-cleaning.com\/wp-content\/uploads\/2020\/04\/IMG_0395-768x1024.jpg\" src=\"https:\/\/jet-cleaning.com\/wp-content\/uploads\/2020\/04\/IMG_0395-768x1024.jpg\" class=\"img-fluid\" style=\"max-height: 300px; width: auto; height: auto;\" alt=\"\" \/><\/div>\n                                             <div class=\"swiper-slide\">\n                            <img decoding=\"async\" data-mfp-src=\"https:\/\/jet-cleaning.com\/wp-content\/uploads\/2020\/04\/Cyclone-Unit-588x1024.jpg\" src=\"https:\/\/jet-cleaning.com\/wp-content\/uploads\/2020\/04\/Cyclone-Unit-768x1337.jpg\" class=\"img-fluid\" style=\"max-height: 300px; width: auto; height: auto;\" alt=\"\" \/><\/div>\n                                        <\/div>\n                    <!-- Add Pagination -->\n                    <div class=\"swiper-pagination\"><\/div>\n                <\/div>\n                                                        <div class=\"thumbs d-flex flex-wrap mt-4\">\n                                                     <img decoding=\"async\" data-count=\"0\" src=\"https:\/\/jet-cleaning.com\/wp-content\/uploads\/2020\/04\/BioJet-Cabinet-150x150.jpg\" width=\"75\" class=\"mr-3\" alt=\"\"\/>\n                                                     <img decoding=\"async\" data-count=\"1\" src=\"https:\/\/jet-cleaning.com\/wp-content\/uploads\/2020\/04\/InPress_meters-150x150.jpg\" width=\"75\" class=\"mr-3\" alt=\"\"\/>\n                                                     <img decoding=\"async\" data-count=\"2\" src=\"https:\/\/jet-cleaning.com\/wp-content\/uploads\/2020\/04\/IMG_7541-150x150.jpg\" width=\"75\" class=\"mr-3\" alt=\"\"\/>\n                                                     <img decoding=\"async\" data-count=\"3\" src=\"https:\/\/jet-cleaning.com\/wp-content\/uploads\/2020\/04\/IMG_0394-150x150.jpg\" width=\"75\" class=\"mr-3\" alt=\"\"\/>\n                                                     <img decoding=\"async\" data-count=\"4\" src=\"https:\/\/jet-cleaning.com\/wp-content\/uploads\/2020\/04\/IMG_0395-150x150.jpg\" width=\"75\" class=\"mr-3\" alt=\"\"\/>\n                                                     <img decoding=\"async\" data-count=\"5\" src=\"https:\/\/jet-cleaning.com\/wp-content\/uploads\/2020\/04\/Cyclone-Unit-150x150.jpg\" width=\"75\" class=\"mr-3\" alt=\"\"\/>\n                                            <\/div>\n                    \n            \n        <\/div><!-- \/End images -->\n\n        <div class=\"col-md-4 order-md-2\">\n                         <div class=\"buttons\">\n                                 <a class=\"btn-orange mb-4 videolink\" href=\"https:\/\/www.youtube.com\/watch?v=oVWRrH-awNc&amp;feature=youtu.be\" target=\"\">\n                      <span class=\"btn-icon\">\n                                                          <img decoding=\"async\" class=\"animate-2\" src=\"https:\/\/jet-cleaning.com\/wp-content\/themes\/boostcreators\/dist\/images\/youtube-svgrepo-com.svg\" alt=\"\">\n                                                  <\/span>\n                      <span class=\"btn-txt\">Regardez le film<\/span>\n                  <\/a>\n                                 <a class=\"btn-orange mb-4 \" href=\"https:\/\/jet-cleaning.com\/wp-content\/uploads\/2020\/04\/3D-volume-report-2.pdf\" target=\"_blank\">\n                      <span class=\"btn-icon\">\n                                                            <img decoding=\"async\" class=\"animate-2\" src=\"https:\/\/jet-cleaning.com\/wp-content\/themes\/boostcreators\/dist\/images\/icon-pdf.svg\" alt=\"\">\n                                                  <\/span>\n                      <span class=\"btn-txt\">Exemple de rapport de volume<\/span>\n                  <\/a>\n                                 <a class=\"btn-orange mb-4 \" href=\"https:\/\/jet-cleaning.com\/fr\/demande-de-devis\/\" target=\"\">\n                      <span class=\"btn-icon\">\n                             <img decoding=\"async\" class=\"animate-2\" src=\"https:\/\/jet-cleaning.com\/wp-content\/themes\/boostcreators\/dist\/images\/doubleChevronRight.svg\" alt=\"\">\n                                                  <\/span>\n                      <span class=\"btn-txt\">Demander devis<\/span>\n                  <\/a>\n                                <\/div>\n                      <\/div><!-- \/End buttons -->\n    <\/div>\n<\/div>\n\n<div class=\"container mq-medium txt-usp-block\">\n    <div class=\"row\">\n                <div class=\"col-md-12 col-lg-12 mb-4 pr-0 pr-md-5 order-md-1\">\n                       <h2>\n                \u00c0 quoi convient le BioJet Cabinet\n                <\/h2>\n                    <p>Le BioJet Cabinet convient parfaitement au nettoyage des rouleaux anilox \u00e0 r\u00e9glure basse \u00e0 moyenne par cm (8-240 L\/cm).<\/p>\n\n        <\/div><!-- \/End tekst -->\n            <\/div><!-- \/End row-->\n<\/div>\n\n<div class=\"container mq-medium txt-usp-block\">\n    <div class=\"row\">\n                <div class=\"col-md-12 col-lg-12 mb-4 pr-0 pr-md-5 order-md-1\">\n                       <h2>\n                Nettoyer les rouleaux anilox avec le BioJet Cabinet\n                <\/h2>\n                    <p>Le BioJet Cabinet nettoie vos rouleaux anilox de fa\u00e7on automatique. Le processus de nettoyage d\u2019un rouleau avec une longueur de corps de 2500mm prend environ 35 minutes, en fonction du degr\u00e9 de salissure et la vitesse rotative du rouleau. Le produit \u00e0 projeter est simple \u00e0 \u00e9liminer apr\u00e8s utilisation et peut \u00eatre \u00e9vacu\u00e9 avec les d\u00e9chets habituels.<\/p>\n\n        <\/div><!-- \/End tekst -->\n            <\/div><!-- \/End row-->\n<\/div>\n\n<div class=\"container mq-medium txt-usp-block\">\n    <div class=\"row\">\n                <div class=\"col-md-12 col-lg-12 mb-4 pr-0 pr-md-5 order-md-1\">\n                       <h2>\n                Avantages du BioJet Cabinet\n                <\/h2>\n                    \n<li>M\u00e9thode de nettoyage rapide et effective<\/li>\n<li>Utilise un produit \u00e0 projeter respectueux de l\u2019environnement<\/li>\n<li>Frais d\u2019utilisation modestes<\/li>\n<li>Pour rouleaux anilox et manchons<\/li>\n<li>Les rouleaux sont pr\u00eats \u00e0 l\u2019emploi directement apr\u00e8s nettoyage<\/li>\n<li>Disponible pour toutes dimensions<\/li>\n<li>Possibilit\u00e9 de r\u00e9alisation sur mesure.<\/li>\n<li>M\u00e9thode fiable et prouv\u00e9e<\/li>\n\n        <\/div><!-- \/End tekst -->\n            <\/div><!-- \/End row-->\n<\/div>\n\n<div class=\"container mq-medium \">\n<div class=\"row  \">\n    <div class=\"lijn background-lightblue\"><\/div>\n    <\/div>\n<\/div>\n\n<div class=\"container mq-medium \">\n<div class=\"row  pb-5\">\n    <div class=\"lijn background-lightblue\"><\/div>\n    <\/div>\n<\/div>\n\n<div class=\"container mq-medium vier-producten-block pt-5 pb-5\">\n            <div class=\"row\">\n            <div class=\"wit-vlak\"><\/div>\n            <h2>Produits pour BioJet Cabinet<\/h2>\n        <\/div>\n        \n            <div class=\"row\">\n                             <div class=\"col-md-6 col-lg-3 product-container mb-5\">\n                <a href=\"https:\/\/jet-cleaning.com\/fr\/product\/filtre-pour-biojet-cabinet\/\">\n      <div class=\"product-img mb-3\">\n          <img decoding=\"async\" class=\"img-fluid\" src=\"https:\/\/jet-cleaning.com\/wp-content\/uploads\/2020\/04\/Cartridge_filter_cabinet-1.jpg\" alt=\"\">\n      <\/div>\n      <h3 class=\"match-heading mb-4\">Filtre pour BioJet cabinet<\/h3>\n      Filtre pour BioJet cabinet. Il y a 3 filtres dans l\u2019unit\u00e9 d\u2019aspiration. Prix unitaire\n              <p class=\"prijs mt-3\">\u20ac 496,00 HTVA<\/p>\n        <\/a>\n\n<!-- \/ End col -->                <\/div>\n                             <div class=\"col-md-6 col-lg-3 product-container mb-5\">\n                <a href=\"https:\/\/jet-cleaning.com\/fr\/product\/produit-de-projection-armex-1-000-kg\/\">\n      <div class=\"product-img mb-3\">\n          <img decoding=\"async\" class=\"img-fluid\" src=\"https:\/\/jet-cleaning.com\/wp-content\/uploads\/2020\/04\/Powder_pallet.jpg\" alt=\"\">\n      <\/div>\n      <h3 class=\"match-heading mb-4\">Produit de projection ARMEX 1.134 kg<\/h3>\n      Le produit de projection ARMEX s\u00e9lectionn\u00e9 par JetCleaning est un produit de projection s\u00fbr pour\u2026\n        <\/a>\n\n<!-- \/ End col -->                <\/div>\n                             <div class=\"col-md-6 col-lg-3 product-container mb-5\">\n                <a href=\"https:\/\/jet-cleaning.com\/fr\/product\/produit-de-projection-fin-armex-1-000-kg\/\">\n      <div class=\"product-img mb-3\">\n          <img decoding=\"async\" class=\"img-fluid\" src=\"https:\/\/jet-cleaning.com\/wp-content\/uploads\/2020\/04\/Powder_pallet.jpg\" alt=\"\">\n      <\/div>\n      <h3 class=\"match-heading mb-4\">Produit de projection fin ARMEX 1.134 kg<\/h3>\n      Le produit de projection ARMEX s\u00e9lectionn\u00e9 par JetCleaning est un produit de projection s\u00fbr pour\u2026\n        <\/a>\n\n<!-- \/ End col -->                <\/div>\n                             <div class=\"col-md-6 col-lg-3 product-container mb-5\">\n                <a href=\"https:\/\/jet-cleaning.com\/fr\/product\/bloc-glissant-biojet-cabinet\/\">\n      <div class=\"product-img mb-3\">\n          <img decoding=\"async\" class=\"img-fluid\" src=\"https:\/\/jet-cleaning.com\/wp-content\/uploads\/2020\/04\/Guidance_Blocks-1.jpg\" alt=\"\">\n      <\/div>\n      <h3 class=\"match-heading mb-4\">Bloc glissant BioJet Cabinet<\/h3>\n      Bloc glissant \u00e0 utiliser dans le BioJet cabinet. Jeu de 2 pi\u00e8ces\n              <p class=\"prijs mt-3\">\u20ac 55,00 HTVA<\/p>\n        <\/a>\n\n<!-- \/ End col -->                <\/div>\n                             <div class=\"col-md-6 col-lg-3 product-container mb-5\">\n                <a href=\"https:\/\/jet-cleaning.com\/fr\/product\/systeme-de-mesure-du-volume-ravol-avec-scansoftware-v3\/\">\n      <div class=\"product-img mb-3\">\n          <img decoding=\"async\" class=\"img-fluid\" src=\"https:\/\/jet-cleaning.com\/wp-content\/uploads\/2020\/03\/Schermafbeelding-2020-03-30-om-11.22.21.png\" alt=\"\">\n      <\/div>\n      <h3 class=\"match-heading mb-4\">Syst\u00e8me de mesure du volume RAVOL avec scansoftware V3<\/h3>\n      Syst\u00e8me de mesure du volume RAVOL pour mesurer avec pr\u00e9cision le volume de vous rouleaux\u2026\n        <\/a>\n\n<!-- \/ End col -->                <\/div>\n                             <div class=\"col-md-6 col-lg-3 product-container mb-5\">\n                <a href=\"https:\/\/jet-cleaning.com\/fr\/product\/systeme-de-mesure-du-volume-ravol-avec-planimetre-anilox\/\">\n      <div class=\"product-img mb-3\">\n          <img decoding=\"async\" class=\"img-fluid\" src=\"https:\/\/jet-cleaning.com\/wp-content\/uploads\/2020\/04\/RAVOLkofferPlanimeter-768x806.jpg\" alt=\"\">\n      <\/div>\n      <h3 class=\"match-heading mb-4\">Syst\u00e8me de mesure du volume RAVOL avec Planim\u00e8tre Anilox+<\/h3>\n      Syst\u00e8me de mesure du volume RAVOL, pour mesurer avec pr\u00e9cision le volume de vos rouleaux\u2026\n        <\/a>\n\n<!-- \/ End col -->                <\/div>\n                             <div class=\"col-md-6 col-lg-3 product-container mb-5\">\n                <a href=\"\">\n      <div class=\"product-img mb-3\">\n          <img decoding=\"async\" class=\"img-fluid\" src=\"\" alt=\"\">\n      <\/div>\n      <h3 class=\"match-heading mb-4\"><\/h3>\n      \n        <\/a>\n\n<!-- \/ End col -->                <\/div>\n                             <div class=\"col-md-6 col-lg-3 product-container mb-5\">\n                <a href=\"https:\/\/jet-cleaning.com\/fr\/product\/microscope-grossissement-200x-camera-usb\/\">\n      <div class=\"product-img mb-3\">\n          <img decoding=\"async\" class=\"img-fluid\" src=\"https:\/\/jet-cleaning.com\/wp-content\/uploads\/2020\/04\/Microscoop_200x_USB-768x614.jpg\" alt=\"\">\n      <\/div>\n      <h3 class=\"match-heading mb-4\">Microscope grossissement 200X + cam\u00e9ra USB<\/h3>\n      Microscope avec grossissement 200x + cam\u00e9ra USB pour pouvoir bien \u00e9valuer votre encrassement, vos d\u00e9g\u00e2ts\u2026\n        <\/a>\n\n<!-- \/ End col -->                <\/div>\n                    <\/div>\n    <\/div>","protected":false},"excerpt":{"rendered":"","protected":false},"author":1,"featured_media":0,"parent":0,"menu_order":0,"comment_status":"closed","ping_status":"closed","template":"","meta":{"_acf_changed":false,"footnotes":""},"class_list":["post-2617","page","type-page","status-publish","hentry"],"acf":[],"yoast_head":"<!-- This site is optimized with the Yoast SEO plugin v27.4 - https:\/\/yoast.com\/product\/yoast-seo-wordpress\/ -->\n<title>Machine de nettoyage BioJet Cabinet - Jet Cleaning<\/title>\n<meta name=\"description\" content=\"La m\u00e9thode BioJet est une m\u00e9thode respectueuse de l\u2019environnement pour un nettoyage rapide et effectif de vos rouleaux anilox. Lisez-en davantage \u00e0 propos de cette machine.\" \/>\n<meta name=\"robots\" content=\"index, follow, max-snippet:-1, max-image-preview:large, max-video-preview:-1\" \/>\n<link rel=\"canonical\" href=\"https:\/\/jet-cleaning.com\/fr\/biojet-cabinet\/\" \/>\n<meta property=\"og:locale\" content=\"fr_FR\" \/>\n<meta property=\"og:type\" content=\"article\" \/>\n<meta property=\"og:title\" content=\"Machine de nettoyage BioJet Cabinet - Jet Cleaning\" \/>\n<meta property=\"og:description\" content=\"La m\u00e9thode BioJet est une m\u00e9thode respectueuse de l\u2019environnement pour un nettoyage rapide et effectif de vos rouleaux anilox. Lisez-en davantage \u00e0 propos de cette machine.\" \/>\n<meta property=\"og:url\" content=\"https:\/\/jet-cleaning.com\/fr\/biojet-cabinet\/\" \/>\n<meta property=\"og:site_name\" content=\"Jet Cleaning\" \/>\n<meta property=\"article:modified_time\" content=\"2021-03-08T14:25:19+00:00\" \/>\n<meta name=\"twitter:card\" content=\"summary_large_image\" \/>\n<script type=\"application\/ld+json\" class=\"yoast-schema-graph\">{\"@context\":\"https:\\\/\\\/schema.org\",\"@graph\":[{\"@type\":\"WebPage\",\"@id\":\"https:\\\/\\\/jet-cleaning.com\\\/fr\\\/biojet-cabinet\\\/\",\"url\":\"https:\\\/\\\/jet-cleaning.com\\\/fr\\\/biojet-cabinet\\\/\",\"name\":\"Machine de nettoyage BioJet Cabinet - Jet Cleaning\",\"isPartOf\":{\"@id\":\"https:\\\/\\\/jet-cleaning.com\\\/fr\\\/#website\"},\"datePublished\":\"2020-04-03T13:11:59+00:00\",\"dateModified\":\"2021-03-08T14:25:19+00:00\",\"description\":\"La m\u00e9thode BioJet est une m\u00e9thode respectueuse de l\u2019environnement pour un nettoyage rapide et effectif de vos rouleaux anilox. Lisez-en davantage \u00e0 propos de cette machine.\",\"breadcrumb\":{\"@id\":\"https:\\\/\\\/jet-cleaning.com\\\/fr\\\/biojet-cabinet\\\/#breadcrumb\"},\"inLanguage\":\"fr-FR\",\"potentialAction\":[{\"@type\":\"ReadAction\",\"target\":[\"https:\\\/\\\/jet-cleaning.com\\\/fr\\\/biojet-cabinet\\\/\"]}]},{\"@type\":\"BreadcrumbList\",\"@id\":\"https:\\\/\\\/jet-cleaning.com\\\/fr\\\/biojet-cabinet\\\/#breadcrumb\",\"itemListElement\":[{\"@type\":\"ListItem\",\"position\":1,\"name\":\"Home\",\"item\":\"https:\\\/\\\/jet-cleaning.com\\\/fr\\\/\"},{\"@type\":\"ListItem\",\"position\":2,\"name\":\"BioJet Cabinet\"}]},{\"@type\":\"WebSite\",\"@id\":\"https:\\\/\\\/jet-cleaning.com\\\/fr\\\/#website\",\"url\":\"https:\\\/\\\/jet-cleaning.com\\\/fr\\\/\",\"name\":\"Jet Cleaning\",\"description\":\"Total cleaning solutions\",\"potentialAction\":[{\"@type\":\"SearchAction\",\"target\":{\"@type\":\"EntryPoint\",\"urlTemplate\":\"https:\\\/\\\/jet-cleaning.com\\\/fr\\\/?s={search_term_string}\"},\"query-input\":{\"@type\":\"PropertyValueSpecification\",\"valueRequired\":true,\"valueName\":\"search_term_string\"}}],\"inLanguage\":\"fr-FR\"}]}<\/script>\n<!-- \/ Yoast SEO plugin. -->","yoast_head_json":{"title":"Machine de nettoyage BioJet Cabinet - Jet Cleaning","description":"La m\u00e9thode BioJet est une m\u00e9thode respectueuse de l\u2019environnement pour un nettoyage rapide et effectif de vos rouleaux anilox. Lisez-en davantage \u00e0 propos de cette machine.","robots":{"index":"index","follow":"follow","max-snippet":"max-snippet:-1","max-image-preview":"max-image-preview:large","max-video-preview":"max-video-preview:-1"},"canonical":"https:\/\/jet-cleaning.com\/fr\/biojet-cabinet\/","og_locale":"fr_FR","og_type":"article","og_title":"Machine de nettoyage BioJet Cabinet - Jet Cleaning","og_description":"La m\u00e9thode BioJet est une m\u00e9thode respectueuse de l\u2019environnement pour un nettoyage rapide et effectif de vos rouleaux anilox. Lisez-en davantage \u00e0 propos de cette machine.","og_url":"https:\/\/jet-cleaning.com\/fr\/biojet-cabinet\/","og_site_name":"Jet Cleaning","article_modified_time":"2021-03-08T14:25:19+00:00","twitter_card":"summary_large_image","schema":{"@context":"https:\/\/schema.org","@graph":[{"@type":"WebPage","@id":"https:\/\/jet-cleaning.com\/fr\/biojet-cabinet\/","url":"https:\/\/jet-cleaning.com\/fr\/biojet-cabinet\/","name":"Machine de nettoyage BioJet Cabinet - Jet Cleaning","isPartOf":{"@id":"https:\/\/jet-cleaning.com\/fr\/#website"},"datePublished":"2020-04-03T13:11:59+00:00","dateModified":"2021-03-08T14:25:19+00:00","description":"La m\u00e9thode BioJet est une m\u00e9thode respectueuse de l\u2019environnement pour un nettoyage rapide et effectif de vos rouleaux anilox. Lisez-en davantage \u00e0 propos de cette machine.","breadcrumb":{"@id":"https:\/\/jet-cleaning.com\/fr\/biojet-cabinet\/#breadcrumb"},"inLanguage":"fr-FR","potentialAction":[{"@type":"ReadAction","target":["https:\/\/jet-cleaning.com\/fr\/biojet-cabinet\/"]}]},{"@type":"BreadcrumbList","@id":"https:\/\/jet-cleaning.com\/fr\/biojet-cabinet\/#breadcrumb","itemListElement":[{"@type":"ListItem","position":1,"name":"Home","item":"https:\/\/jet-cleaning.com\/fr\/"},{"@type":"ListItem","position":2,"name":"BioJet Cabinet"}]},{"@type":"WebSite","@id":"https:\/\/jet-cleaning.com\/fr\/#website","url":"https:\/\/jet-cleaning.com\/fr\/","name":"Jet Cleaning","description":"Total cleaning solutions","potentialAction":[{"@type":"SearchAction","target":{"@type":"EntryPoint","urlTemplate":"https:\/\/jet-cleaning.com\/fr\/?s={search_term_string}"},"query-input":{"@type":"PropertyValueSpecification","valueRequired":true,"valueName":"search_term_string"}}],"inLanguage":"fr-FR"}]}},"_links":{"self":[{"href":"https:\/\/jet-cleaning.com\/fr\/wp-json\/wp\/v2\/pages\/2617","targetHints":{"allow":["GET"]}}],"collection":[{"href":"https:\/\/jet-cleaning.com\/fr\/wp-json\/wp\/v2\/pages"}],"about":[{"href":"https:\/\/jet-cleaning.com\/fr\/wp-json\/wp\/v2\/types\/page"}],"author":[{"embeddable":true,"href":"https:\/\/jet-cleaning.com\/fr\/wp-json\/wp\/v2\/users\/1"}],"replies":[{"embeddable":true,"href":"https:\/\/jet-cleaning.com\/fr\/wp-json\/wp\/v2\/comments?post=2617"}],"version-history":[{"count":17,"href":"https:\/\/jet-cleaning.com\/fr\/wp-json\/wp\/v2\/pages\/2617\/revisions"}],"predecessor-version":[{"id":7819,"href":"https:\/\/jet-cleaning.com\/fr\/wp-json\/wp\/v2\/pages\/2617\/revisions\/7819"}],"wp:attachment":[{"href":"https:\/\/jet-cleaning.com\/fr\/wp-json\/wp\/v2\/media?parent=2617"}],"curies":[{"name":"wp","href":"https:\/\/api.w.org\/{rel}","templated":true}]}}