{"id":4428,"date":"2020-03-23T14:33:27","date_gmt":"2020-03-23T14:33:27","guid":{"rendered":"https:\/\/jet-cleaning.com\/machines\/"},"modified":"2025-08-07T09:37:22","modified_gmt":"2025-08-07T08:37:22","slug":"maquinas","status":"publish","type":"page","link":"https:\/\/jet-cleaning.com\/es\/maquinas\/","title":{"rendered":"M\u00e1quinas"},"content":{"rendered":"<div class=\"container mq-medium txt-img-block pt-5 pb-5\">\n    <div class=\"row d-flex align-items-center\">\n        <div class=\"wit-vlak\"><\/div>\n        <div class=\"col-md-4 order-md-2\">\n            <img decoding=\"async\" class=\"img-fluid mb-5\" src=\"\" alt=\"\">\n        <\/div><!-- \/End image -->\n        \n        <div class=\"col-md-8 order-md-1\">\n                <h1>\n                    M\u00e1quinas de limpieza de rodillos anilox\n                <\/h1>\n                    <p>Cada tipo de rodillo anilox requiere de procesos de limpieza propios que garanticen unos resultados \u00f3ptimos. Por esta raz\u00f3n, nuestra gama se compone de m\u00e1quinas de limpieza que utilizan diferentes tecnolog\u00edas. Disponemos de una m\u00e1quina de limpieza adecuada para cada tipo de rodillo.<\/p>\n\n        <\/div><!-- \/End tekst -->\n    <\/div>\n<\/div>\n\n<div class=\"container mq-medium txt-img-block pt-5 pb-5\">\n    <div class=\"row d-flex align-items-center\">\n        <div class=\"wit-vlak\"><\/div>\n        <div class=\"col-md-4 order-md-2\">\n            <img decoding=\"async\" class=\"img-fluid mb-5\" src=\"\" alt=\"\">\n        <\/div><!-- \/End image -->\n        \n        <div class=\"col-md-8 order-md-1\">\n                <h2>\n                    Limpieza profesional de sus rodillos anilox\n                <\/h2>\n                    <p>Nuestras m\u00e1quinas de limpieza le permiten limpiar en cualquier momento sus rodillos anilox de forma profesional. En el proceso de impresi\u00f3n intervienen muchos componentes, sin embargo, los rodillos anilox son considerados la parte fundamental de la m\u00e1quina de impresi\u00f3n. Adem\u00e1s, sabemos que la presi\u00f3n del tiempo hace que los rodillos no puedan faltar durante mucho tiempo en las maquinarias. Por eso, el proceso de limpieza con nuestras m\u00e1quinas es r\u00e1pido y eficiente. De esta manera, los rodillos anilox est\u00e1n inmediatamente listos para el uso despu\u00e9s de la limpieza.<\/p>\n\n        <\/div><!-- \/End tekst -->\n    <\/div>\n<\/div>\n\n<div class=\"container mq-medium txt-img-block pt-5 pb-5\">\n    <div class=\"row d-flex align-items-center\">\n        <div class=\"wit-vlak\"><\/div>\n        <div class=\"col-md-4 order-md-2\">\n            <img decoding=\"async\" class=\"img-fluid mb-5\" src=\"\" alt=\"\">\n        <\/div><!-- \/End image -->\n        \n        <div class=\"col-md-8 order-md-1\">\n                <h2>\n                    T\u00e9cnicas de limpieza para sus m\u00e1quinas de impresi\u00f3n\n                <\/h2>\n                    <p>Tanto la m\u00e1quina BioJet InPress como la BioJet Cabinet limpian los rodillos anilox por medio de un chorro de bicarbonato de sodio. Este m\u00e9todo garantiza una limpieza eficaz y es adecuado para rodillos anilox de cer\u00e1mica y cromado.<\/p>\n<p>OptiClean es una m\u00e1quina especialmente desarrollada para la limpieza de rodillos anilox con alta lineatura. La m\u00e1quina realiza la limpieza con la ayuda de agentes de limpieza calentados en combinaci\u00f3n con rodillos de goma giratorios.<\/p>\n<p>Las m\u00e1quinas Inline y Offline limpian los rodillos anilox con la m\u00e1xima precisi\u00f3n. Gracias a nuestra innovadora t\u00e9cnica MOPA, los rodillos anilox de hasta 1.000 l\/cm se limpian sin esfuerzo y de manera segura.<\/p>\n<p>La m\u00e1quina DeepWave se puede utilizar tanto en l\u00ednea como fuera de l\u00ednea para una limpieza profunda de los rodillos anilox atrav\u00e9s de productos qu\u00edmicos.<\/p>\n<p>A continuaci\u00f3n, encontrar\u00e1 m\u00e1s informaci\u00f3n sobre nuestra gama de m\u00e1quinas de limpieza para rodillos anilox.<\/p>\n\n        <\/div><!-- \/End tekst -->\n    <\/div>\n<\/div>\n\n<div class=\"container mq-medium hide-lijn\">\n<div class=\"row  pb-5\">\n    <div class=\"lijn background-lightblue\"><\/div>\n    <\/div>\n<\/div>\n\n<div class=\"container-fluid fullColorBG pt-6 pb-6 background-donkerblauw\">\n    <div class=\"container mq-medium\">\n        <div class=\"row d-flex align-items-center\">\n    <div class=\"col-md-4 col-lg-3 order-md-1\">\n            <a href=\"https:\/\/jet-cleaning.com\/es\/bioclean\/\">\n                <img decoding=\"async\" class=\"img-fluid mb-5\" src=\"https:\/\/jet-cleaning.com\/wp-content\/uploads\/2020\/03\/bioclean-selector.png\" alt=\"\">\n             <\/a>\n            <\/div><!-- \/End image -->\n\n        <div class=\"col-md-8 order-md-2 offset-md-0 offset-lg-1\">\n            <h3 class=\"mb-4\"><p>Elija el agente de limpieza adecuado usando nuestro selector BioClean<\/p>\n<\/h3>\n        <\/div><!-- \/End tekst -->\n\n        <\/div>\n    <\/div>\n<\/div>\n\n<div class=\"container mq-medium twee-producten-block pt-5 pb-5\">\n    <div class=\"row\">\n        <div class=\"col-md-6 product-container mb-5\">\n            <a href=\"https:\/\/jet-cleaning.com\/es\/biojet-cabinet\/\">\n                <div class=\"product-img mb-5\">\n                    <img decoding=\"async\" class=\"img-fluid\" src=\"https:\/\/jet-cleaning.com\/wp-content\/uploads\/2020\/03\/biojet-cabinet.jpg\" alt=\"\">\n                <\/div>\n                <h3 class=\"match-heading mb-4\">BioJet Cabinet<\/h3>\n                <p><p>El sistema BioJet Cabinet limpia sus rodillos anilox de forma eficaz, completamente autom\u00e1tica y sin dejar polvo. El sistema BioJet funciona con bicarbonato de sodio en polvo \u00abseco\u00bb.<\/p>\n<\/p>\n            <\/a>\n        <\/div>\n\n        <div class=\"col-md-6 product-container mb-5\">\n            <a href=\"https:\/\/jet-cleaning.com\/es\/biojet-inpress\/\">\n                <div class=\"product-img mb-5\">\n                    <img decoding=\"async\" class=\"img-fluid\" src=\"https:\/\/jet-cleaning.com\/wp-content\/uploads\/2020\/03\/biojet-inpress.jpg\" alt=\"\">\n                <\/div>\n                <h3 class=\"match-heading mb-4\">Biojet inPress<\/h3>\n                <p><p>El sistema BioJet In-Press limpia los rodillos anilox en la prensa. Una ventaja importante del sistema In-Press es que no hace falta instalar y desinstalar los rodillos. El sistema de limpieza BioJet funciona con bicarbonato de sodio en polvo \u00abseco\u00bb.<\/p>\n<\/p>\n            <\/a>\n        <\/div>\n    <\/div>\n<\/div>\n\n<div class=\"container mq-medium twee-producten-block pt-5 pb-5\">\n    <div class=\"row\">\n        <div class=\"col-md-6 product-container mb-5\">\n            <a href=\"https:\/\/jet-cleaning.com\/es\/test\/\">\n                <div class=\"product-img mb-5\">\n                    <img decoding=\"async\" class=\"img-fluid\" src=\"https:\/\/jet-cleaning.com\/wp-content\/uploads\/2020\/06\/IL8000-768x576.jpg\" alt=\"\">\n                <\/div>\n                <h3 class=\"match-heading mb-4\">Inline Laser IL8000<\/h3>\n                <p><p>Desarrollado especialmente para la limpieza de rodillos anilox de l\u00ednea alta. Gracias a nuestra m\u00e1s reciente t\u00e9cnica MOPA, es posible limpiar sin esfuerzo rodillos anilox de hasta 1.000 l.\/cm. Previsto para mediados de 2020.<\/p>\n<\/p>\n            <\/a>\n        <\/div>\n\n        <div class=\"col-md-6 product-container mb-5\">\n            <a href=\"https:\/\/jet-cleaning.com\/es\/deepwave\/\">\n                <div class=\"product-img mb-5\">\n                    <img decoding=\"async\" class=\"img-fluid\" src=\"https:\/\/jet-cleaning.com\/wp-content\/uploads\/2020\/10\/Deepwave-visuals4-1-768x496.jpg\" alt=\"\">\n                <\/div>\n                <h3 class=\"match-heading mb-4\">Deepwave<\/h3>\n                <p><p>La m\u00e1quina DeepWave se puede utilizar tanto en l\u00ednea como fuera de l\u00ednea para una limpieza profunda de los rodillos anilox. El agente de limpieza se aplica en l\u00ednea mediante el posicionamiento autom\u00e1tico de la boquilla. A continuaci\u00f3n, la boquilla de alta presi\u00f3n elimina la tinta disuelta y la contaminaci\u00f3n de las celdas succion\u00e1ndolas al mismo tiempo. No se forma niebla de vapor durante todo el proceso de limpieza.<\/p>\n<\/p>\n            <\/a>\n        <\/div>\n    <\/div>\n<\/div>","protected":false},"excerpt":{"rendered":"","protected":false},"author":1,"featured_media":0,"parent":0,"menu_order":0,"comment_status":"closed","ping_status":"closed","template":"","meta":{"_acf_changed":false,"footnotes":""},"class_list":["post-4428","page","type-page","status-publish","hentry"],"acf":[],"yoast_head":"<!-- This site is optimized with the Yoast SEO plugin v27.4 - https:\/\/yoast.com\/product\/yoast-seo-wordpress\/ -->\n<title>M\u00e1quinas de limpieza de rodillos anilox - Jet Cleaning<\/title>\n<meta name=\"description\" content=\"Comercializamos m\u00e1quinas de limpieza adecuadas para cada tipo de rodillo anilox que re\u00fanen las mejores prestaciones y tecnolog\u00edas para la limpieza de sus rodillos.\" \/>\n<meta name=\"robots\" content=\"index, follow, max-snippet:-1, max-image-preview:large, max-video-preview:-1\" \/>\n<link rel=\"canonical\" href=\"https:\/\/jet-cleaning.com\/es\/maquinas\/\" \/>\n<meta property=\"og:locale\" content=\"es_ES\" \/>\n<meta property=\"og:type\" content=\"article\" \/>\n<meta property=\"og:title\" content=\"M\u00e1quinas de limpieza de rodillos anilox - Jet Cleaning\" \/>\n<meta property=\"og:description\" content=\"Comercializamos m\u00e1quinas de limpieza adecuadas para cada tipo de rodillo anilox que re\u00fanen las mejores prestaciones y tecnolog\u00edas para la limpieza de sus rodillos.\" \/>\n<meta property=\"og:url\" content=\"https:\/\/jet-cleaning.com\/es\/maquinas\/\" \/>\n<meta property=\"og:site_name\" content=\"Jet Cleaning\" \/>\n<meta property=\"article:modified_time\" content=\"2025-08-07T08:37:22+00:00\" \/>\n<meta name=\"twitter:card\" content=\"summary_large_image\" \/>\n<meta name=\"twitter:label1\" content=\"Tiempo de lectura\" \/>\n\t<meta name=\"twitter:data1\" content=\"4 minutos\" \/>\n<script type=\"application\/ld+json\" class=\"yoast-schema-graph\">{\"@context\":\"https:\\\/\\\/schema.org\",\"@graph\":[{\"@type\":\"WebPage\",\"@id\":\"https:\\\/\\\/jet-cleaning.com\\\/es\\\/maquinas\\\/\",\"url\":\"https:\\\/\\\/jet-cleaning.com\\\/es\\\/maquinas\\\/\",\"name\":\"M\u00e1quinas de limpieza de rodillos anilox - Jet Cleaning\",\"isPartOf\":{\"@id\":\"https:\\\/\\\/jet-cleaning.com\\\/es\\\/#website\"},\"datePublished\":\"2020-03-23T14:33:27+00:00\",\"dateModified\":\"2025-08-07T08:37:22+00:00\",\"description\":\"Comercializamos m\u00e1quinas de limpieza adecuadas para cada tipo de rodillo anilox que re\u00fanen las mejores prestaciones y tecnolog\u00edas para la limpieza de sus rodillos.\",\"breadcrumb\":{\"@id\":\"https:\\\/\\\/jet-cleaning.com\\\/es\\\/maquinas\\\/#breadcrumb\"},\"inLanguage\":\"es\",\"potentialAction\":[{\"@type\":\"ReadAction\",\"target\":[\"https:\\\/\\\/jet-cleaning.com\\\/es\\\/maquinas\\\/\"]}]},{\"@type\":\"BreadcrumbList\",\"@id\":\"https:\\\/\\\/jet-cleaning.com\\\/es\\\/maquinas\\\/#breadcrumb\",\"itemListElement\":[{\"@type\":\"ListItem\",\"position\":1,\"name\":\"Home\",\"item\":\"https:\\\/\\\/jet-cleaning.com\\\/es\\\/\"},{\"@type\":\"ListItem\",\"position\":2,\"name\":\"M\u00e1quinas\"}]},{\"@type\":\"WebSite\",\"@id\":\"https:\\\/\\\/jet-cleaning.com\\\/es\\\/#website\",\"url\":\"https:\\\/\\\/jet-cleaning.com\\\/es\\\/\",\"name\":\"Jet Cleaning\",\"description\":\"Total cleaning solutions\",\"potentialAction\":[{\"@type\":\"SearchAction\",\"target\":{\"@type\":\"EntryPoint\",\"urlTemplate\":\"https:\\\/\\\/jet-cleaning.com\\\/es\\\/?s={search_term_string}\"},\"query-input\":{\"@type\":\"PropertyValueSpecification\",\"valueRequired\":true,\"valueName\":\"search_term_string\"}}],\"inLanguage\":\"es\"}]}<\/script>\n<!-- \/ Yoast SEO plugin. -->","yoast_head_json":{"title":"M\u00e1quinas de limpieza de rodillos anilox - Jet Cleaning","description":"Comercializamos m\u00e1quinas de limpieza adecuadas para cada tipo de rodillo anilox que re\u00fanen las mejores prestaciones y tecnolog\u00edas para la limpieza de sus rodillos.","robots":{"index":"index","follow":"follow","max-snippet":"max-snippet:-1","max-image-preview":"max-image-preview:large","max-video-preview":"max-video-preview:-1"},"canonical":"https:\/\/jet-cleaning.com\/es\/maquinas\/","og_locale":"es_ES","og_type":"article","og_title":"M\u00e1quinas de limpieza de rodillos anilox - Jet Cleaning","og_description":"Comercializamos m\u00e1quinas de limpieza adecuadas para cada tipo de rodillo anilox que re\u00fanen las mejores prestaciones y tecnolog\u00edas para la limpieza de sus rodillos.","og_url":"https:\/\/jet-cleaning.com\/es\/maquinas\/","og_site_name":"Jet Cleaning","article_modified_time":"2025-08-07T08:37:22+00:00","twitter_card":"summary_large_image","twitter_misc":{"Tiempo de lectura":"4 minutos"},"schema":{"@context":"https:\/\/schema.org","@graph":[{"@type":"WebPage","@id":"https:\/\/jet-cleaning.com\/es\/maquinas\/","url":"https:\/\/jet-cleaning.com\/es\/maquinas\/","name":"M\u00e1quinas de limpieza de rodillos anilox - Jet Cleaning","isPartOf":{"@id":"https:\/\/jet-cleaning.com\/es\/#website"},"datePublished":"2020-03-23T14:33:27+00:00","dateModified":"2025-08-07T08:37:22+00:00","description":"Comercializamos m\u00e1quinas de limpieza adecuadas para cada tipo de rodillo anilox que re\u00fanen las mejores prestaciones y tecnolog\u00edas para la limpieza de sus rodillos.","breadcrumb":{"@id":"https:\/\/jet-cleaning.com\/es\/maquinas\/#breadcrumb"},"inLanguage":"es","potentialAction":[{"@type":"ReadAction","target":["https:\/\/jet-cleaning.com\/es\/maquinas\/"]}]},{"@type":"BreadcrumbList","@id":"https:\/\/jet-cleaning.com\/es\/maquinas\/#breadcrumb","itemListElement":[{"@type":"ListItem","position":1,"name":"Home","item":"https:\/\/jet-cleaning.com\/es\/"},{"@type":"ListItem","position":2,"name":"M\u00e1quinas"}]},{"@type":"WebSite","@id":"https:\/\/jet-cleaning.com\/es\/#website","url":"https:\/\/jet-cleaning.com\/es\/","name":"Jet Cleaning","description":"Total cleaning solutions","potentialAction":[{"@type":"SearchAction","target":{"@type":"EntryPoint","urlTemplate":"https:\/\/jet-cleaning.com\/es\/?s={search_term_string}"},"query-input":{"@type":"PropertyValueSpecification","valueRequired":true,"valueName":"search_term_string"}}],"inLanguage":"es"}]}},"_links":{"self":[{"href":"https:\/\/jet-cleaning.com\/es\/wp-json\/wp\/v2\/pages\/4428","targetHints":{"allow":["GET"]}}],"collection":[{"href":"https:\/\/jet-cleaning.com\/es\/wp-json\/wp\/v2\/pages"}],"about":[{"href":"https:\/\/jet-cleaning.com\/es\/wp-json\/wp\/v2\/types\/page"}],"author":[{"embeddable":true,"href":"https:\/\/jet-cleaning.com\/es\/wp-json\/wp\/v2\/users\/1"}],"replies":[{"embeddable":true,"href":"https:\/\/jet-cleaning.com\/es\/wp-json\/wp\/v2\/comments?post=4428"}],"version-history":[{"count":21,"href":"https:\/\/jet-cleaning.com\/es\/wp-json\/wp\/v2\/pages\/4428\/revisions"}],"predecessor-version":[{"id":13138,"href":"https:\/\/jet-cleaning.com\/es\/wp-json\/wp\/v2\/pages\/4428\/revisions\/13138"}],"wp:attachment":[{"href":"https:\/\/jet-cleaning.com\/es\/wp-json\/wp\/v2\/media?parent=4428"}],"curies":[{"name":"wp","href":"https:\/\/api.w.org\/{rel}","templated":true}]}}