{"id":2668,"date":"2020-04-03T14:06:43","date_gmt":"2020-04-03T13:06:43","guid":{"rendered":"https:\/\/jet-cleaning.com\/opticlean-machine\/"},"modified":"2025-10-08T11:31:06","modified_gmt":"2025-10-08T10:31:06","slug":"maquina-opticlean","status":"publish","type":"page","link":"https:\/\/jet-cleaning.com\/es\/maquina-opticlean\/","title":{"rendered":"M\u00e1quina Opticlean"},"content":{"rendered":"<div class=\"container mq-medium \">\n<div class=\"row  \">\n    <div class=\"lijn background-lightblue\"><\/div>\n    <\/div>\n<\/div>\n\n<div class=\"container mq-medium txt-usp-block\">\n    <div class=\"row\">\n                <div class=\"col-md-12 col-lg-12 mb-4 pr-0 pr-md-5 order-md-1\">\n                       <h1>\n                M\u00e1quina de limpieza OptiClean \n                <\/h1>\n                    <p>La m\u00e1quina de limpieza OptiClean ha sido especialmente desarrollada para la limpieza de rodillos anilox con alta lineatura. Gracias a la estructura especial de los rodillos de goma, los rodillos anilox de hasta 1000 l\/cm se pueden limpiar de forma f\u00e1cil y eficaz. <\/p>\n\n        <\/div><!-- \/End tekst -->\n            <\/div><!-- \/End row-->\n<\/div>\n\n<div class=\"container mq-medium txt-usp-block\">\n    <div class=\"row\">\n                <div class=\"col-md-12 col-lg-12 mb-4 pr-0 pr-md-5 order-md-1\">\n                       <h2>\n                OptiClean: \u00bfC\u00f3mo funciona?\n                <\/h2>\n                    <p>La m\u00e1quina OptiClean funciona calentando el agente de limpieza entre dos rodillos de goma giratorios. Esto crea una especie de canal con l\u00edquido calentado que permanece en constante contacto con la suciedad incrustada en los rodillos anilox. Por tanto, a diferencia de otras m\u00e1quinas en las que el rodillo anilox sucio se coloca sobre ruedas, lo que hace que el agente limpiador salga directamente del rodillo, la m\u00e1quina OptiClean consigue unos resultados \u00f3ptimos en cada limpieza.<\/p>\n\n        <\/div><!-- \/End tekst -->\n            <\/div><!-- \/End row-->\n<\/div>\n\n<div class=\"container mq-medium \">\n<div class=\"row  \">\n    <div class=\"lijn background-lightblue\"><\/div>\n    <\/div>\n<\/div>\n\n<div class=\"container mq-medium productinfo-block pt-5 pb-5\">\n    <div class=\"row\">\n        <div class=\"col-md-8 order-md-1\">\n            \n                            <div class=\"swiper-container swiper-product-slider\">\n                    <div class=\"swiper-wrapper\">\n                                             <div class=\"swiper-slide\">\n                            <img decoding=\"async\" data-mfp-src=\"https:\/\/jet-cleaning.com\/wp-content\/uploads\/2020\/03\/opticlean-product-img.jpg\" src=\"https:\/\/jet-cleaning.com\/wp-content\/uploads\/2020\/03\/opticlean-product-img-768x465.jpg\" class=\"img-fluid\" style=\"max-height: 300px; width: auto; height: auto;\" alt=\"\" \/><\/div>\n                                             <div class=\"swiper-slide\">\n                            <img decoding=\"async\" data-mfp-src=\"https:\/\/jet-cleaning.com\/wp-content\/uploads\/2020\/04\/IMG_2722-768x1024.jpg\" src=\"https:\/\/jet-cleaning.com\/wp-content\/uploads\/2020\/04\/IMG_2722-768x1024.jpg\" class=\"img-fluid\" style=\"max-height: 300px; width: auto; height: auto;\" alt=\"\" \/><\/div>\n                                             <div class=\"swiper-slide\">\n                            <img decoding=\"async\" data-mfp-src=\"https:\/\/jet-cleaning.com\/wp-content\/uploads\/2020\/03\/opticlean-inzetje-01.jpg\" src=\"https:\/\/jet-cleaning.com\/wp-content\/uploads\/2020\/03\/opticlean-inzetje-01.jpg\" class=\"img-fluid\" style=\"max-height: 300px; width: auto; height: auto;\" alt=\"\" \/><\/div>\n                                             <div class=\"swiper-slide\">\n                            <img decoding=\"async\" data-mfp-src=\"https:\/\/jet-cleaning.com\/wp-content\/uploads\/2020\/03\/opticlean-inzetje-02.jpg\" src=\"https:\/\/jet-cleaning.com\/wp-content\/uploads\/2020\/03\/opticlean-inzetje-02.jpg\" class=\"img-fluid\" style=\"max-height: 300px; width: auto; height: auto;\" alt=\"\" \/><\/div>\n                                             <div class=\"swiper-slide\">\n                            <img decoding=\"async\" data-mfp-src=\"https:\/\/jet-cleaning.com\/wp-content\/uploads\/2020\/04\/IMG_2716-768x1024.jpg\" src=\"https:\/\/jet-cleaning.com\/wp-content\/uploads\/2020\/04\/IMG_2716-768x1024.jpg\" class=\"img-fluid\" style=\"max-height: 300px; width: auto; height: auto;\" alt=\"\" \/><\/div>\n                                             <div class=\"swiper-slide\">\n                            <img decoding=\"async\" data-mfp-src=\"https:\/\/jet-cleaning.com\/wp-content\/uploads\/2020\/04\/IMG_1360-768x1024.jpg\" src=\"https:\/\/jet-cleaning.com\/wp-content\/uploads\/2020\/04\/IMG_1360-768x1024.jpg\" class=\"img-fluid\" style=\"max-height: 300px; width: auto; height: auto;\" alt=\"\" \/><\/div>\n                                             <div class=\"swiper-slide\">\n                            <img decoding=\"async\" data-mfp-src=\"https:\/\/jet-cleaning.com\/wp-content\/uploads\/2020\/04\/before-after-clean_bicarblast_2-1024x461.jpg\" src=\"https:\/\/jet-cleaning.com\/wp-content\/uploads\/2020\/04\/before-after-clean_bicarblast_2-768x346.jpg\" class=\"img-fluid\" style=\"max-height: 300px; width: auto; height: auto;\" alt=\"\" \/><\/div>\n                                        <\/div>\n                    <!-- Add Pagination -->\n                    <div class=\"swiper-pagination\"><\/div>\n                <\/div>\n                                                        <div class=\"thumbs d-flex flex-wrap mt-4\">\n                                                     <img decoding=\"async\" data-count=\"0\" src=\"https:\/\/jet-cleaning.com\/wp-content\/uploads\/2020\/03\/opticlean-product-img-150x150.jpg\" width=\"75\" class=\"mr-3\" alt=\"\"\/>\n                                                     <img decoding=\"async\" data-count=\"1\" src=\"https:\/\/jet-cleaning.com\/wp-content\/uploads\/2020\/04\/IMG_2722-150x150.jpg\" width=\"75\" class=\"mr-3\" alt=\"\"\/>\n                                                     <img decoding=\"async\" data-count=\"2\" src=\"https:\/\/jet-cleaning.com\/wp-content\/uploads\/2020\/03\/opticlean-inzetje-01-150x150.jpg\" width=\"75\" class=\"mr-3\" alt=\"\"\/>\n                                                     <img decoding=\"async\" data-count=\"3\" src=\"https:\/\/jet-cleaning.com\/wp-content\/uploads\/2020\/03\/opticlean-inzetje-02-150x150.jpg\" width=\"75\" class=\"mr-3\" alt=\"\"\/>\n                                                     <img decoding=\"async\" data-count=\"4\" src=\"https:\/\/jet-cleaning.com\/wp-content\/uploads\/2020\/04\/IMG_2716-150x150.jpg\" width=\"75\" class=\"mr-3\" alt=\"\"\/>\n                                                     <img decoding=\"async\" data-count=\"5\" src=\"https:\/\/jet-cleaning.com\/wp-content\/uploads\/2020\/04\/IMG_1360-150x150.jpg\" width=\"75\" class=\"mr-3\" alt=\"\"\/>\n                                                     <img decoding=\"async\" data-count=\"6\" src=\"https:\/\/jet-cleaning.com\/wp-content\/uploads\/2020\/04\/before-after-clean_bicarblast_2-150x150.jpg\" width=\"75\" class=\"mr-3\" alt=\"\"\/>\n                                            <\/div>\n                    \n            \n        <\/div><!-- \/End images -->\n\n        <div class=\"col-md-4 order-md-2\">\n                         <div class=\"buttons\">\n                                 <a class=\"btn-orange mb-4 videolink\" href=\"https:\/\/www.youtube.com\/watch?v=fzI59rWSR1E&amp;feature=youtu.be\" target=\"\">\n                      <span class=\"btn-icon\">\n                                                          <img decoding=\"async\" class=\"animate-2\" src=\"https:\/\/jet-cleaning.com\/wp-content\/themes\/boostcreators\/dist\/images\/youtube-svgrepo-com.svg\" alt=\"\">\n                                                  <\/span>\n                      <span class=\"btn-txt\">Mire el v\u00eddeo<\/span>\n                  <\/a>\n                                 <a class=\"btn-orange mb-4 \" href=\"https:\/\/jet-cleaning.com\/wp-content\/uploads\/2020\/04\/ADVANTAGES-of-the-OPTICLEAN-ANILOX-BicarBlast.pdf\" target=\"_blank\">\n                      <span class=\"btn-icon\">\n                                                            <img decoding=\"async\" class=\"animate-2\" src=\"https:\/\/jet-cleaning.com\/wp-content\/themes\/boostcreators\/dist\/images\/icon-pdf.svg\" alt=\"\">\n                                                  <\/span>\n                      <span class=\"btn-txt\">Brochure OptiClean<\/span>\n                  <\/a>\n                                 <a class=\"btn-orange mb-4 \" href=\"https:\/\/jet-cleaning.com\/es\/solicitud-de-presupuesto\/\" target=\"\">\n                      <span class=\"btn-icon\">\n                             <img decoding=\"async\" class=\"animate-2\" src=\"https:\/\/jet-cleaning.com\/wp-content\/themes\/boostcreators\/dist\/images\/doubleChevronRight.svg\" alt=\"\">\n                                                  <\/span>\n                      <span class=\"btn-txt\">Solicite un presupuesto<\/span>\n                  <\/a>\n                                <\/div>\n                      <\/div><!-- \/End buttons -->\n    <\/div>\n<\/div>\n\n<div class=\"container mq-medium txt-usp-block\">\n    <div class=\"row\">\n                <div class=\"col-md-12 col-lg-12 mb-4 pr-0 pr-md-5 order-md-1\">\n                       <h2>\n                OptiClean: \u00bfPara qu\u00e9 es adecuada?\n                <\/h2>\n                    <p>La m\u00e1quina de limpieza OptiClean es muy flexible en t\u00e9rminos de longitud y di\u00e1metro. OptiClean limpia rodillos anilox de todos los tama\u00f1os, longitudes y di\u00e1metros deseados. Incluso tambi\u00e9n limpia rodillos anilox de diferentes longitudes y di\u00e1metros simult\u00e1neamente.<\/p>\n<p>Adem\u00e1s, gracias al nuevo \u2018dispositivo de cierre de manguito\u2019 (sleeve closing device), los manguitos m\u00e1s grandes pueden ser cerrados por un solo operador. Los adaptadores se inflan autom\u00e1ticamente con aire comprimido.<\/p>\n\n        <\/div><!-- \/End tekst -->\n            <\/div><!-- \/End row-->\n<\/div>\n\n<div class=\"container mq-medium txt-usp-block\">\n    <div class=\"row\">\n                <div class=\"col-md-12 col-lg-12 mb-4 pr-0 pr-md-5 order-md-1\">\n                       <h2>\n                Limpieza de rodillos anilox con OptiClean\n                <\/h2>\n                    <p>La limpieza de los rodillos anilox con la m\u00e1quina de limpieza OptiClean dura en torno a 20 minutos. El rodillo anilox gira entre dos rodillos de goma giratorios que contienen el agente de limpieza calentado. Durante todo el proceso de limpieza, el rodillo anilox permanece en contacto con el agente de limpieza y los rodillos de goma. La dureza \u00f3ptima (shore) de los rodillos de goma, permite frotar el agente de limpieza calentado en las celdas del rodillo anilox. Lo que se traduce en una limpieza en profundidad.<\/p>\n\n        <\/div><!-- \/End tekst -->\n            <\/div><!-- \/End row-->\n<\/div>\n\n<div class=\"container mq-medium txt-usp-block\">\n    <div class=\"row\">\n                <div class=\"col-md-12 col-lg-12 mb-4 pr-0 pr-md-5 order-md-1\">\n                       <h2>\n                Ventajas de la m\u00e1quina de limpieza OptiClean\n                <\/h2>\n                    \n<li>OptiClean ofrece el mejor resultado en comparaci\u00f3n con otras m\u00e1quinas de limpieza con fluidos<\/li>\n<li>OptiClean es un m\u00e9todo de limpieza r\u00e1pido<\/li>\n<li>OptiClean es f\u00e1cil de usar<\/li>\n<li>OptiClean es adecuada para rodillos anilox y\/o manguitos <\/li>\n<li>OptiClean utiliza productos Bioclean desarrollados por nosotros mismos, para que siempre haya disponible un agente de limpieza adecuado para cada tipo de suciedad<\/li>\n<li>OptiClean est\u00e1 disponible en diferentes formatos de hasta 6 metros de longitud de l\u00ednea<\/li>\n<li>OptiClean limpia las lineaturas m\u00e1s altas sin esfuerzo y sin da\u00f1ar el rodillo anilox<\/li>\n\n        <\/div><!-- \/End tekst -->\n            <\/div><!-- \/End row-->\n<\/div>\n\n<div class=\"container mq-medium \">\n<div class=\"row  \">\n    <div class=\"lijn background-lightblue\"><\/div>\n    <\/div>\n<\/div>\n\n<div class=\"container mq-medium \">\n<div class=\"row  pb-5\">\n    <div class=\"lijn background-lightblue\"><\/div>\n    <\/div>\n<\/div>\n\n<div class=\"container mq-medium vier-producten-block pt-5 pb-5\">\n            <div class=\"row\">\n            <div class=\"wit-vlak\"><\/div>\n            <h2>Productos para OptiClean:<\/h2>\n        <\/div>\n        \n            <div class=\"row\">\n                             <div class=\"col-md-6 col-lg-3 product-container mb-5\">\n                <a href=\"https:\/\/jet-cleaning.com\/product\/sleeve-closing-device\/\">\n      <div class=\"product-img mb-3\">\n          <img decoding=\"async\" class=\"img-fluid\" src=\"https:\/\/jet-cleaning.com\/wp-content\/uploads\/2020\/04\/Sleeve-closing-device.jpg\" alt=\"\">\n      <\/div>\n      <h3 class=\"match-heading mb-4\">Sleeve closing device<\/h3>\n      Opblaasbare proppen om uw rastersleeves mee af te dichten. Per set van 2 stuks\n        <\/a>\n\n<!-- \/ End col -->                <\/div>\n                             <div class=\"col-md-6 col-lg-3 product-container mb-5\">\n                <a href=\"https:\/\/jet-cleaning.com\/es\/product\/bioclean-opticleaner\/\">\n      <div class=\"product-img mb-3\">\n          <img decoding=\"async\" class=\"img-fluid\" src=\"https:\/\/jet-cleaning.com\/wp-content\/uploads\/2020\/04\/BioClean_OptiCleaner_25kg.jpg\" alt=\"\">\n      <\/div>\n      <h3 class=\"match-heading mb-4\">BioClean OPTICLEANER<\/h3>\n      BioClean OPTICLEANER es un producto desarrollado especialmente para la m\u00e1quina OptiClean. Para ser usado con&hellip;\n        <\/a>\n\n<!-- \/ End col -->                <\/div>\n                             <div class=\"col-md-6 col-lg-3 product-container mb-5\">\n                <a href=\"https:\/\/jet-cleaning.com\/es\/product\/bioclean-opticleaner-alu\/\">\n      <div class=\"product-img mb-3\">\n          <img decoding=\"async\" class=\"img-fluid\" src=\"https:\/\/jet-cleaning.com\/wp-content\/uploads\/2020\/04\/BioClean_OptiCleaner_ALU_25kg.jpg\" alt=\"\">\n      <\/div>\n      <h3 class=\"match-heading mb-4\">BioClean OPTICLEANER-ALU<\/h3>\n      BioClean OPTICLEANER-ALU es un producto desarrollado especialmente para la m\u00e1quina OptiClean. OPTICLEANER-ALU es seguro para&hellip;\n        <\/a>\n\n<!-- \/ End col -->                <\/div>\n                             <div class=\"col-md-6 col-lg-3 product-container mb-5\">\n                <a href=\"https:\/\/jet-cleaning.com\/es\/product\/microscopio-con-ampliacion-de-200x\/\">\n      <div class=\"product-img mb-3\">\n          <img decoding=\"async\" class=\"img-fluid\" src=\"https:\/\/jet-cleaning.com\/wp-content\/uploads\/2020\/04\/Microscoop_200x-768x614.jpg\" alt=\"\">\n      <\/div>\n      <h3 class=\"match-heading mb-4\">Microscopio con ampliaci\u00f3n de 200x<\/h3>\n      Microscopio con ampliaci\u00f3n de 200x\n        <\/a>\n\n<!-- \/ End col -->                <\/div>\n                             <div class=\"col-md-6 col-lg-3 product-container mb-5\">\n                <a href=\"https:\/\/jet-cleaning.com\/es\/product\/sistema-de-medicion-de-volumen-ravol-con-planimetro-anilox\/\">\n      <div class=\"product-img mb-3\">\n          <img decoding=\"async\" class=\"img-fluid\" src=\"https:\/\/jet-cleaning.com\/wp-content\/uploads\/2020\/04\/RAVOLkofferPlanimeter-768x806.jpg\" alt=\"\">\n      <\/div>\n      <h3 class=\"match-heading mb-4\">Sistema de medici\u00f3n de volumen RAVOL con Plan\u00edmetro Anilox+<\/h3>\n      Sistema de medici\u00f3n de volumen RAVOL para medir con precisi\u00f3n el volumen de sus rodillos&hellip;\n        <\/a>\n\n<!-- \/ End col -->                <\/div>\n                             <div class=\"col-md-6 col-lg-3 product-container mb-5\">\n                <a href=\"https:\/\/jet-cleaning.com\/es\/product\/sistema-de-medicion-de-volumen-ravol-con-software-de-exploracion-v3\/\">\n      <div class=\"product-img mb-3\">\n          <img decoding=\"async\" class=\"img-fluid\" src=\"https:\/\/jet-cleaning.com\/wp-content\/uploads\/2020\/03\/Schermafbeelding-2020-03-30-om-11.22.21.png\" alt=\"\">\n      <\/div>\n      <h3 class=\"match-heading mb-4\">Sistema de medici\u00f3n de volumen RAVOL con software de exploraci\u00f3n V3<\/h3>\n      Sistema de medici\u00f3n de volumen RAVOL, para medir con precisi\u00f3n el volumen de sus rodillos&hellip;\n        <\/a>\n\n<!-- \/ End col -->                <\/div>\n                    <\/div>\n    <\/div>","protected":false},"excerpt":{"rendered":"","protected":false},"author":1,"featured_media":322,"parent":0,"menu_order":0,"comment_status":"closed","ping_status":"closed","template":"","meta":{"_acf_changed":false,"footnotes":""},"class_list":["post-2668","page","type-page","status-publish","has-post-thumbnail","hentry"],"acf":[],"yoast_head":"<!-- This site is optimized with the Yoast SEO plugin v27.4 - https:\/\/yoast.com\/product\/yoast-seo-wordpress\/ -->\n<title>M\u00e1quina de limpieza OptiClean - Jet Cleaning<\/title>\n<meta name=\"description\" content=\"La m\u00e1quina de limpieza OptiClean ha sido especialmente desarrollada para la limpieza de rodillos anilox con alta lineatura. Siga leyendo para obtener m\u00e1s informaci\u00f3n sobre esta m\u00e1quina.\" \/>\n<meta name=\"robots\" content=\"index, follow, max-snippet:-1, max-image-preview:large, max-video-preview:-1\" \/>\n<link rel=\"canonical\" href=\"https:\/\/jet-cleaning.com\/es\/maquina-opticlean\/\" \/>\n<meta property=\"og:locale\" content=\"es_ES\" \/>\n<meta property=\"og:type\" content=\"article\" \/>\n<meta property=\"og:title\" content=\"M\u00e1quina de limpieza OptiClean - Jet Cleaning\" \/>\n<meta property=\"og:description\" content=\"La m\u00e1quina de limpieza OptiClean ha sido especialmente desarrollada para la limpieza de rodillos anilox con alta lineatura. Siga leyendo para obtener m\u00e1s informaci\u00f3n sobre esta m\u00e1quina.\" \/>\n<meta property=\"og:url\" content=\"https:\/\/jet-cleaning.com\/es\/maquina-opticlean\/\" \/>\n<meta property=\"og:site_name\" content=\"Jet Cleaning\" \/>\n<meta property=\"article:modified_time\" content=\"2025-10-08T10:31:06+00:00\" \/>\n<meta property=\"og:image\" content=\"https:\/\/jet-cleaning.com\/wp-content\/uploads\/2020\/03\/opticlean-product-img.jpg\" \/>\n\t<meta property=\"og:image:width\" content=\"1000\" \/>\n\t<meta property=\"og:image:height\" content=\"606\" \/>\n\t<meta property=\"og:image:type\" content=\"image\/jpeg\" \/>\n<meta name=\"twitter:card\" content=\"summary_large_image\" \/>\n<meta name=\"twitter:label1\" content=\"Tiempo de lectura\" \/>\n\t<meta name=\"twitter:data1\" content=\"5 minutos\" \/>\n<script type=\"application\/ld+json\" class=\"yoast-schema-graph\">{\"@context\":\"https:\\\/\\\/schema.org\",\"@graph\":[{\"@type\":\"WebPage\",\"@id\":\"https:\\\/\\\/jet-cleaning.com\\\/es\\\/maquina-opticlean\\\/\",\"url\":\"https:\\\/\\\/jet-cleaning.com\\\/es\\\/maquina-opticlean\\\/\",\"name\":\"M\u00e1quina de limpieza OptiClean - Jet Cleaning\",\"isPartOf\":{\"@id\":\"https:\\\/\\\/jet-cleaning.com\\\/es\\\/#website\"},\"primaryImageOfPage\":{\"@id\":\"https:\\\/\\\/jet-cleaning.com\\\/es\\\/maquina-opticlean\\\/#primaryimage\"},\"image\":{\"@id\":\"https:\\\/\\\/jet-cleaning.com\\\/es\\\/maquina-opticlean\\\/#primaryimage\"},\"thumbnailUrl\":\"https:\\\/\\\/jet-cleaning.com\\\/wp-content\\\/uploads\\\/2020\\\/03\\\/opticlean-product-img.jpg\",\"datePublished\":\"2020-04-03T13:06:43+00:00\",\"dateModified\":\"2025-10-08T10:31:06+00:00\",\"description\":\"La m\u00e1quina de limpieza OptiClean ha sido especialmente desarrollada para la limpieza de rodillos anilox con alta lineatura. Siga leyendo para obtener m\u00e1s informaci\u00f3n sobre esta m\u00e1quina.\",\"breadcrumb\":{\"@id\":\"https:\\\/\\\/jet-cleaning.com\\\/es\\\/maquina-opticlean\\\/#breadcrumb\"},\"inLanguage\":\"es\",\"potentialAction\":[{\"@type\":\"ReadAction\",\"target\":[\"https:\\\/\\\/jet-cleaning.com\\\/es\\\/maquina-opticlean\\\/\"]}]},{\"@type\":\"ImageObject\",\"inLanguage\":\"es\",\"@id\":\"https:\\\/\\\/jet-cleaning.com\\\/es\\\/maquina-opticlean\\\/#primaryimage\",\"url\":\"https:\\\/\\\/jet-cleaning.com\\\/wp-content\\\/uploads\\\/2020\\\/03\\\/opticlean-product-img.jpg\",\"contentUrl\":\"https:\\\/\\\/jet-cleaning.com\\\/wp-content\\\/uploads\\\/2020\\\/03\\\/opticlean-product-img.jpg\",\"width\":1000,\"height\":606,\"caption\":\"Opticlean product\"},{\"@type\":\"BreadcrumbList\",\"@id\":\"https:\\\/\\\/jet-cleaning.com\\\/es\\\/maquina-opticlean\\\/#breadcrumb\",\"itemListElement\":[{\"@type\":\"ListItem\",\"position\":1,\"name\":\"Home\",\"item\":\"https:\\\/\\\/jet-cleaning.com\\\/es\\\/\"},{\"@type\":\"ListItem\",\"position\":2,\"name\":\"M\u00e1quina Opticlean\"}]},{\"@type\":\"WebSite\",\"@id\":\"https:\\\/\\\/jet-cleaning.com\\\/es\\\/#website\",\"url\":\"https:\\\/\\\/jet-cleaning.com\\\/es\\\/\",\"name\":\"Jet Cleaning\",\"description\":\"Total cleaning solutions\",\"potentialAction\":[{\"@type\":\"SearchAction\",\"target\":{\"@type\":\"EntryPoint\",\"urlTemplate\":\"https:\\\/\\\/jet-cleaning.com\\\/es\\\/?s={search_term_string}\"},\"query-input\":{\"@type\":\"PropertyValueSpecification\",\"valueRequired\":true,\"valueName\":\"search_term_string\"}}],\"inLanguage\":\"es\"}]}<\/script>\n<!-- \/ Yoast SEO plugin. -->","yoast_head_json":{"title":"M\u00e1quina de limpieza OptiClean - Jet Cleaning","description":"La m\u00e1quina de limpieza OptiClean ha sido especialmente desarrollada para la limpieza de rodillos anilox con alta lineatura. Siga leyendo para obtener m\u00e1s informaci\u00f3n sobre esta m\u00e1quina.","robots":{"index":"index","follow":"follow","max-snippet":"max-snippet:-1","max-image-preview":"max-image-preview:large","max-video-preview":"max-video-preview:-1"},"canonical":"https:\/\/jet-cleaning.com\/es\/maquina-opticlean\/","og_locale":"es_ES","og_type":"article","og_title":"M\u00e1quina de limpieza OptiClean - Jet Cleaning","og_description":"La m\u00e1quina de limpieza OptiClean ha sido especialmente desarrollada para la limpieza de rodillos anilox con alta lineatura. Siga leyendo para obtener m\u00e1s informaci\u00f3n sobre esta m\u00e1quina.","og_url":"https:\/\/jet-cleaning.com\/es\/maquina-opticlean\/","og_site_name":"Jet Cleaning","article_modified_time":"2025-10-08T10:31:06+00:00","og_image":[{"width":1000,"height":606,"url":"https:\/\/jet-cleaning.com\/wp-content\/uploads\/2020\/03\/opticlean-product-img.jpg","type":"image\/jpeg"}],"twitter_card":"summary_large_image","twitter_misc":{"Tiempo de lectura":"5 minutos"},"schema":{"@context":"https:\/\/schema.org","@graph":[{"@type":"WebPage","@id":"https:\/\/jet-cleaning.com\/es\/maquina-opticlean\/","url":"https:\/\/jet-cleaning.com\/es\/maquina-opticlean\/","name":"M\u00e1quina de limpieza OptiClean - Jet Cleaning","isPartOf":{"@id":"https:\/\/jet-cleaning.com\/es\/#website"},"primaryImageOfPage":{"@id":"https:\/\/jet-cleaning.com\/es\/maquina-opticlean\/#primaryimage"},"image":{"@id":"https:\/\/jet-cleaning.com\/es\/maquina-opticlean\/#primaryimage"},"thumbnailUrl":"https:\/\/jet-cleaning.com\/wp-content\/uploads\/2020\/03\/opticlean-product-img.jpg","datePublished":"2020-04-03T13:06:43+00:00","dateModified":"2025-10-08T10:31:06+00:00","description":"La m\u00e1quina de limpieza OptiClean ha sido especialmente desarrollada para la limpieza de rodillos anilox con alta lineatura. Siga leyendo para obtener m\u00e1s informaci\u00f3n sobre esta m\u00e1quina.","breadcrumb":{"@id":"https:\/\/jet-cleaning.com\/es\/maquina-opticlean\/#breadcrumb"},"inLanguage":"es","potentialAction":[{"@type":"ReadAction","target":["https:\/\/jet-cleaning.com\/es\/maquina-opticlean\/"]}]},{"@type":"ImageObject","inLanguage":"es","@id":"https:\/\/jet-cleaning.com\/es\/maquina-opticlean\/#primaryimage","url":"https:\/\/jet-cleaning.com\/wp-content\/uploads\/2020\/03\/opticlean-product-img.jpg","contentUrl":"https:\/\/jet-cleaning.com\/wp-content\/uploads\/2020\/03\/opticlean-product-img.jpg","width":1000,"height":606,"caption":"Opticlean product"},{"@type":"BreadcrumbList","@id":"https:\/\/jet-cleaning.com\/es\/maquina-opticlean\/#breadcrumb","itemListElement":[{"@type":"ListItem","position":1,"name":"Home","item":"https:\/\/jet-cleaning.com\/es\/"},{"@type":"ListItem","position":2,"name":"M\u00e1quina Opticlean"}]},{"@type":"WebSite","@id":"https:\/\/jet-cleaning.com\/es\/#website","url":"https:\/\/jet-cleaning.com\/es\/","name":"Jet Cleaning","description":"Total cleaning solutions","potentialAction":[{"@type":"SearchAction","target":{"@type":"EntryPoint","urlTemplate":"https:\/\/jet-cleaning.com\/es\/?s={search_term_string}"},"query-input":{"@type":"PropertyValueSpecification","valueRequired":true,"valueName":"search_term_string"}}],"inLanguage":"es"}]}},"_links":{"self":[{"href":"https:\/\/jet-cleaning.com\/es\/wp-json\/wp\/v2\/pages\/2668","targetHints":{"allow":["GET"]}}],"collection":[{"href":"https:\/\/jet-cleaning.com\/es\/wp-json\/wp\/v2\/pages"}],"about":[{"href":"https:\/\/jet-cleaning.com\/es\/wp-json\/wp\/v2\/types\/page"}],"author":[{"embeddable":true,"href":"https:\/\/jet-cleaning.com\/es\/wp-json\/wp\/v2\/users\/1"}],"replies":[{"embeddable":true,"href":"https:\/\/jet-cleaning.com\/es\/wp-json\/wp\/v2\/comments?post=2668"}],"version-history":[{"count":15,"href":"https:\/\/jet-cleaning.com\/es\/wp-json\/wp\/v2\/pages\/2668\/revisions"}],"predecessor-version":[{"id":13266,"href":"https:\/\/jet-cleaning.com\/es\/wp-json\/wp\/v2\/pages\/2668\/revisions\/13266"}],"wp:featuredmedia":[{"embeddable":true,"href":"https:\/\/jet-cleaning.com\/es\/wp-json\/wp\/v2\/media\/322"}],"wp:attachment":[{"href":"https:\/\/jet-cleaning.com\/es\/wp-json\/wp\/v2\/media?parent=2668"}],"curies":[{"name":"wp","href":"https:\/\/api.w.org\/{rel}","templated":true}]}}