{"id":2648,"date":"2020-04-03T14:07:57","date_gmt":"2020-04-03T13:07:57","guid":{"rendered":"https:\/\/jet-cleaning.com\/biojet-inpress\/"},"modified":"2021-03-23T18:20:08","modified_gmt":"2021-03-23T17:20:08","slug":"biojet-inpress","status":"publish","type":"page","link":"https:\/\/jet-cleaning.com\/es\/biojet-inpress\/","title":{"rendered":"Biojet inPress"},"content":{"rendered":"\n\n<div class=\"container mq-medium \">\n<div class=\"row  \">\n    <div class=\"lijn background-lightblue\"><\/div>\n    <\/div>\n<\/div>\n\n<div class=\"container mq-medium txt-usp-block\">\n    <div class=\"row\">\n                <div class=\"col-md-12 col-lg-12 mb-4 pr-0 pr-md-5 order-md-1\">\n                       <h1>\n                M\u00e1quina de limpieza BioJet In-Press \n                <\/h1>\n                    <p>BioJet es un m\u00e9todo respetuoso con el medio ambiente que limpia sus rodillos anilox de forma r\u00e1pida y eficaz.<\/p>\n\n        <\/div><!-- \/End tekst -->\n            <\/div><!-- \/End row-->\n<\/div>\n\n<div class=\"container mq-medium txt-usp-block\">\n    <div class=\"row\">\n                <div class=\"col-md-12 col-lg-12 mb-4 pr-0 pr-md-5 order-md-1\">\n                       <h2>\n                BioJet In-Press: \u00bfC\u00f3mo funciona?\n                <\/h2>\n                    <p>La m\u00e1quina BioJet In-Press limpia sus rodillos anilox mediante un chorro de bicarbonato de sodio (NaHCO3). La Biojet In-Press proyecta, bajo una presi\u00f3n de 2,8-2,3 bares, el bicarbonato de sodio (dureza 2,5 Moh) contra los rodillos de cer\u00e1mica (dureza 6,5 Moh) para eliminar la suciedad de las celdas. Por tanto, este agente de limpieza tiene la suficiente dureza para erradicar la contaminaci\u00f3n de las celdas sin da\u00f1ar el rodillo anilox de cer\u00e1mica o cromado.<\/p>\n\n        <\/div><!-- \/End tekst -->\n            <\/div><!-- \/End row-->\n<\/div>\n\n<div class=\"container mq-medium \">\n<div class=\"row  \">\n    <div class=\"lijn background-lightblue\"><\/div>\n    <\/div>\n<\/div>\n\n<div class=\"container mq-medium productinfo-block pt-5 pb-5\">\n    <div class=\"row\">\n        <div class=\"col-md-8 order-md-1\">\n            \n                            <div class=\"swiper-container swiper-product-slider\">\n                    <div class=\"swiper-wrapper\">\n                                             <div class=\"swiper-slide\">\n                            <img decoding=\"async\" data-mfp-src=\"https:\/\/jet-cleaning.com\/wp-content\/uploads\/2020\/03\/biojet-inpress.jpg\" src=\"https:\/\/jet-cleaning.com\/wp-content\/uploads\/2020\/03\/biojet-inpress.jpg\" class=\"img-fluid\" style=\"max-height: 300px; width: auto; height: auto;\" alt=\"\" \/><\/div>\n                                             <div class=\"swiper-slide\">\n                            <img decoding=\"async\" data-mfp-src=\"https:\/\/jet-cleaning.com\/wp-content\/uploads\/2020\/04\/bg-mobiel-reinigen.jpg\" src=\"https:\/\/jet-cleaning.com\/wp-content\/uploads\/2020\/04\/bg-mobiel-reinigen.jpg\" class=\"img-fluid\" style=\"max-height: 300px; width: auto; height: auto;\" alt=\"\" \/><\/div>\n                                             <div class=\"swiper-slide\">\n                            <img decoding=\"async\" data-mfp-src=\"https:\/\/jet-cleaning.com\/wp-content\/uploads\/2020\/04\/rasterwals-in-huis.jpg\" src=\"https:\/\/jet-cleaning.com\/wp-content\/uploads\/2020\/04\/rasterwals-in-huis-768x345.jpg\" class=\"img-fluid\" style=\"max-height: 300px; width: auto; height: auto;\" alt=\"\" \/><\/div>\n                                        <\/div>\n                    <!-- Add Pagination -->\n                    <div class=\"swiper-pagination\"><\/div>\n                <\/div>\n                                                        <div class=\"thumbs d-flex flex-wrap mt-4\">\n                                                     <img decoding=\"async\" data-count=\"0\" src=\"https:\/\/jet-cleaning.com\/wp-content\/uploads\/2020\/03\/biojet-inpress-150x150.jpg\" width=\"75\" class=\"mr-3\" alt=\"\"\/>\n                                                     <img decoding=\"async\" data-count=\"1\" src=\"https:\/\/jet-cleaning.com\/wp-content\/uploads\/2020\/04\/bg-mobiel-reinigen-150x150.jpg\" width=\"75\" class=\"mr-3\" alt=\"\"\/>\n                                                     <img decoding=\"async\" data-count=\"2\" src=\"https:\/\/jet-cleaning.com\/wp-content\/uploads\/2020\/04\/rasterwals-in-huis-150x150.jpg\" width=\"75\" class=\"mr-3\" alt=\"\"\/>\n                                            <\/div>\n                    \n            \n        <\/div><!-- \/End images -->\n\n        <div class=\"col-md-4 order-md-2\">\n                         <div class=\"buttons\">\n                                 <a class=\"btn-orange mb-4 videolink\" href=\"https:\/\/www.youtube.com\/watch?v=O2IrKIezLgY&amp;feature=youtu.be\" target=\"\">\n                      <span class=\"btn-icon\">\n                                                          <img decoding=\"async\" class=\"animate-2\" src=\"https:\/\/jet-cleaning.com\/wp-content\/themes\/boostcreators\/dist\/images\/youtube-svgrepo-com.svg\" alt=\"\">\n                                                  <\/span>\n                      <span class=\"btn-txt\">Mire el v\u00eddeo<\/span>\n                  <\/a>\n                                 <a class=\"btn-orange mb-4 \" href=\"https:\/\/jet-cleaning.com\/es\/solicitud-de-presupuesto\/\" target=\"\">\n                      <span class=\"btn-icon\">\n                             <img decoding=\"async\" class=\"animate-2\" src=\"https:\/\/jet-cleaning.com\/wp-content\/themes\/boostcreators\/dist\/images\/doubleChevronRight.svg\" alt=\"\">\n                                                  <\/span>\n                      <span class=\"btn-txt\">Solicite un presupuesto<\/span>\n                  <\/a>\n                                <\/div>\n                      <\/div><!-- \/End buttons -->\n    <\/div>\n<\/div>\n\n<div class=\"container mq-medium txt-usp-block\">\n    <div class=\"row\">\n                <div class=\"col-md-12 col-lg-12 mb-4 pr-0 pr-md-5 order-md-1\">\n                       <h2>\n                Biojet In-Press: \u00bfPara qu\u00e9 es adecuada?\n                <\/h2>\n                    <p>La m\u00e1quina de limpieza Biojet In-Press es ideal para la limpieza de rodillos anilox con un n\u00famero bajo a medio de l\u00edneas por cm (8-240 l\/cm).<\/p>\n\n        <\/div><!-- \/End tekst -->\n            <\/div><!-- \/End row-->\n<\/div>\n\n<div class=\"container mq-medium txt-usp-block\">\n    <div class=\"row\">\n                <div class=\"col-md-12 col-lg-12 mb-4 pr-0 pr-md-5 order-md-1\">\n                       <h2>\n                Limpieza de rodillos anilox con BioJet In-Press\n                <\/h2>\n                    <p>La m\u00e1quina de limpieza BioJet In-Press limpia sus rodillos anilox de forma totalmente autom\u00e1tica. El proceso de limpieza de un rodillo con una longitud de banda de 2500 mm dura unos 35 minutos. Esto depende del grado de contaminaci\u00f3n y la velocidad de rotaci\u00f3n de los rodillos. El agente de limpieza usado se extrae y se elimina f\u00e1cilmente y puede ser desechado junto a los residuos dom\u00e9sticos normales.<\/p>\n\n        <\/div><!-- \/End tekst -->\n            <\/div><!-- \/End row-->\n<\/div>\n\n<div class=\"container mq-medium txt-usp-block\">\n    <div class=\"row\">\n                <div class=\"col-md-12 col-lg-12 mb-4 pr-0 pr-md-5 order-md-1\">\n                       <h2>\n                Ventajas de la m\u00e1quina de limpieza BioJet In-Press\n                <\/h2>\n                    \n<li>M\u00e9todo de limpieza r\u00e1pido y eficaz<\/li>\n<li>Utiliza agentes de limpieza respetuosos con el medio ambiente<\/li>\n<li>Bajos costes operativos<\/li>\n<li>Para rodillos anilox y manguitos <\/li>\n<li>Los rodillos est\u00e1n listos para ser usados inmediatamente despu\u00e9s de la limpieza<\/li>\n<li>Disponible en todos los formatos<\/li>\n<li>Posibilidad de personalizar la m\u00e1quina de limpieza<\/li>\n<li>M\u00e9todo fiable y comprobado<\/li>\n\n        <\/div><!-- \/End tekst -->\n            <\/div><!-- \/End row-->\n<\/div>\n\n<div class=\"container mq-medium \">\n<div class=\"row  \">\n    <div class=\"lijn background-lightblue\"><\/div>\n    <\/div>\n<\/div>\n\n<div class=\"container mq-medium \">\n<div class=\"row  pb-5\">\n    <div class=\"lijn background-lightblue\"><\/div>\n    <\/div>\n<\/div>\n\n<div class=\"container mq-medium vier-producten-block pt-5 pb-5\">\n            <div class=\"row\">\n            <div class=\"wit-vlak\"><\/div>\n            <h2>Productos para BioJet In-Press:<\/h2>\n        <\/div>\n        \n            <div class=\"row\">\n                             <div class=\"col-md-6 col-lg-3 product-container mb-5\">\n                <a href=\"https:\/\/jet-cleaning.com\/es\/product\/dispositivo-de-chorreado-de-1000-kg-armex\/\">\n      <div class=\"product-img mb-3\">\n          <img decoding=\"async\" class=\"img-fluid\" src=\"https:\/\/jet-cleaning.com\/wp-content\/uploads\/2020\/04\/Powder_pallet.jpg\" alt=\"\">\n      <\/div>\n      <h3 class=\"match-heading mb-4\">Dispositivo de chorreado de 1134 kg ARMEX<\/h3>\n      El dispositivo de chorreado ARMEX seleccionado por JetCleaning es un dispositivo de chorreado seguro para&hellip;\n        <\/a>\n\n<!-- \/ End col -->                <\/div>\n                             <div class=\"col-md-6 col-lg-3 product-container mb-5\">\n                <a href=\"https:\/\/jet-cleaning.com\/es\/product\/dispositivo-de-chorreado-fino-de-1000-kg-armex\/\">\n      <div class=\"product-img mb-3\">\n          <img decoding=\"async\" class=\"img-fluid\" src=\"https:\/\/jet-cleaning.com\/wp-content\/uploads\/2020\/04\/Powder_pallet.jpg\" alt=\"\">\n      <\/div>\n      <h3 class=\"match-heading mb-4\">Dispositivo de chorreado fino de 1134 kg ARMEX<\/h3>\n      El dispositivo de chorreado fino ARMEX, seleccionado por BicarBlast, es un dispositivo de chorreado seguro&hellip;\n        <\/a>\n\n<!-- \/ End col -->                <\/div>\n                             <div class=\"col-md-6 col-lg-3 product-container mb-5\">\n                <a href=\"https:\/\/jet-cleaning.com\/es\/product\/boquilla-de-chorreado-de-anillo-de-cepillo-o90-mm\/\">\n      <div class=\"product-img mb-3\">\n          <img decoding=\"async\" class=\"img-fluid\" src=\"https:\/\/jet-cleaning.com\/wp-content\/uploads\/2020\/04\/Bicarblast_borstel1-768x598.jpg\" alt=\"\">\n      <\/div>\n      <h3 class=\"match-heading mb-4\">Boquilla de chorreado de anillo de cepillo \u00d890 mm<\/h3>\n      Anillo de cepillo \u00d890 mm para la boquilla de chorro est\u00e1ndar de BioJet In-Press.\n        <\/a>\n\n<!-- \/ End col -->                <\/div>\n                             <div class=\"col-md-6 col-lg-3 product-container mb-5\">\n                <a href=\"https:\/\/jet-cleaning.com\/es\/product\/anillo-de-cepillo-o70-mm-para-biojet-in-press\/\">\n      <div class=\"product-img mb-3\">\n          <img decoding=\"async\" class=\"img-fluid\" src=\"https:\/\/jet-cleaning.com\/wp-content\/uploads\/2020\/04\/Bicarblast_borstel2-768x598.jpg\" alt=\"\">\n      <\/div>\n      <h3 class=\"match-heading mb-4\">Anillo de cepillo \u00d870 mm para BioJet In-Press<\/h3>\n      Anillo de cepillo \u00d870 mm para BioJet Boquilla de chorro peque\u00f1o In-Press.\n        <\/a>\n\n<!-- \/ End col -->                <\/div>\n                             <div class=\"col-md-6 col-lg-3 product-container mb-5\">\n                <a href=\"https:\/\/jet-cleaning.com\/es\/product\/filtro-para-biojet-in-press\/\">\n      <div class=\"product-img mb-3\">\n          <img decoding=\"async\" class=\"img-fluid\" src=\"https:\/\/jet-cleaning.com\/wp-content\/uploads\/2020\/04\/Cartridge_filter_InPress.jpg\" alt=\"\">\n      <\/div>\n      <h3 class=\"match-heading mb-4\">Filtro para BioJet In-Press<\/h3>\n      Filtro para BioJet In-Press\n              <p class=\"prijs mt-3\">\u20ac 401,00 m\u00e1s IVA<\/p>\n        <\/a>\n\n<!-- \/ End col -->                <\/div>\n                    <\/div>\n    <\/div>","protected":false},"excerpt":{"rendered":"","protected":false},"author":1,"featured_media":2650,"parent":0,"menu_order":0,"comment_status":"closed","ping_status":"closed","template":"","meta":{"_acf_changed":false,"footnotes":""},"class_list":["post-2648","page","type-page","status-publish","has-post-thumbnail","hentry"],"acf":[],"yoast_head":"<!-- This site is optimized with the Yoast SEO plugin v27.4 - https:\/\/yoast.com\/product\/yoast-seo-wordpress\/ -->\n<title>M\u00e1quina de limpieza BioJet In-Press - Jet Cleaning<\/title>\n<meta name=\"description\" content=\"BioJet es un m\u00e9todo respetuoso con el medio ambiente que limpia sus rodillos anilox de forma r\u00e1pida y eficaz. Siga leyendo para obtener m\u00e1s informaci\u00f3n sobre esta m\u00e1quina.\" \/>\n<meta name=\"robots\" content=\"index, follow, max-snippet:-1, max-image-preview:large, max-video-preview:-1\" \/>\n<link rel=\"canonical\" href=\"https:\/\/jet-cleaning.com\/es\/biojet-inpress\/\" \/>\n<meta property=\"og:locale\" content=\"es_ES\" \/>\n<meta property=\"og:type\" content=\"article\" \/>\n<meta property=\"og:title\" content=\"M\u00e1quina de limpieza BioJet In-Press - Jet Cleaning\" \/>\n<meta property=\"og:description\" content=\"BioJet es un m\u00e9todo respetuoso con el medio ambiente que limpia sus rodillos anilox de forma r\u00e1pida y eficaz. Siga leyendo para obtener m\u00e1s informaci\u00f3n sobre esta m\u00e1quina.\" \/>\n<meta property=\"og:url\" content=\"https:\/\/jet-cleaning.com\/es\/biojet-inpress\/\" \/>\n<meta property=\"og:site_name\" content=\"Jet Cleaning\" \/>\n<meta property=\"article:modified_time\" content=\"2021-03-23T17:20:08+00:00\" \/>\n<meta property=\"og:image\" content=\"https:\/\/jet-cleaning.com\/wp-content\/uploads\/2020\/03\/biojet-inpress.jpg\" \/>\n\t<meta property=\"og:image:width\" content=\"383\" \/>\n\t<meta property=\"og:image:height\" content=\"335\" \/>\n\t<meta property=\"og:image:type\" content=\"image\/jpeg\" \/>\n<meta name=\"twitter:card\" content=\"summary_large_image\" \/>\n<script type=\"application\/ld+json\" class=\"yoast-schema-graph\">{\"@context\":\"https:\\\/\\\/schema.org\",\"@graph\":[{\"@type\":\"WebPage\",\"@id\":\"https:\\\/\\\/jet-cleaning.com\\\/es\\\/biojet-inpress\\\/\",\"url\":\"https:\\\/\\\/jet-cleaning.com\\\/es\\\/biojet-inpress\\\/\",\"name\":\"M\u00e1quina de limpieza BioJet In-Press - Jet Cleaning\",\"isPartOf\":{\"@id\":\"https:\\\/\\\/jet-cleaning.com\\\/es\\\/#website\"},\"primaryImageOfPage\":{\"@id\":\"https:\\\/\\\/jet-cleaning.com\\\/es\\\/biojet-inpress\\\/#primaryimage\"},\"image\":{\"@id\":\"https:\\\/\\\/jet-cleaning.com\\\/es\\\/biojet-inpress\\\/#primaryimage\"},\"thumbnailUrl\":\"https:\\\/\\\/jet-cleaning.com\\\/wp-content\\\/uploads\\\/2020\\\/03\\\/biojet-inpress.jpg\",\"datePublished\":\"2020-04-03T13:07:57+00:00\",\"dateModified\":\"2021-03-23T17:20:08+00:00\",\"description\":\"BioJet es un m\u00e9todo respetuoso con el medio ambiente que limpia sus rodillos anilox de forma r\u00e1pida y eficaz. Siga leyendo para obtener m\u00e1s informaci\u00f3n sobre esta m\u00e1quina.\",\"breadcrumb\":{\"@id\":\"https:\\\/\\\/jet-cleaning.com\\\/es\\\/biojet-inpress\\\/#breadcrumb\"},\"inLanguage\":\"es\",\"potentialAction\":[{\"@type\":\"ReadAction\",\"target\":[\"https:\\\/\\\/jet-cleaning.com\\\/es\\\/biojet-inpress\\\/\"]}]},{\"@type\":\"ImageObject\",\"inLanguage\":\"es\",\"@id\":\"https:\\\/\\\/jet-cleaning.com\\\/es\\\/biojet-inpress\\\/#primaryimage\",\"url\":\"https:\\\/\\\/jet-cleaning.com\\\/wp-content\\\/uploads\\\/2020\\\/03\\\/biojet-inpress.jpg\",\"contentUrl\":\"https:\\\/\\\/jet-cleaning.com\\\/wp-content\\\/uploads\\\/2020\\\/03\\\/biojet-inpress.jpg\",\"width\":383,\"height\":335,\"caption\":\"BioJet inpress\"},{\"@type\":\"BreadcrumbList\",\"@id\":\"https:\\\/\\\/jet-cleaning.com\\\/es\\\/biojet-inpress\\\/#breadcrumb\",\"itemListElement\":[{\"@type\":\"ListItem\",\"position\":1,\"name\":\"Home\",\"item\":\"https:\\\/\\\/jet-cleaning.com\\\/es\\\/\"},{\"@type\":\"ListItem\",\"position\":2,\"name\":\"Biojet inPress\"}]},{\"@type\":\"WebSite\",\"@id\":\"https:\\\/\\\/jet-cleaning.com\\\/es\\\/#website\",\"url\":\"https:\\\/\\\/jet-cleaning.com\\\/es\\\/\",\"name\":\"Jet Cleaning\",\"description\":\"Total cleaning solutions\",\"potentialAction\":[{\"@type\":\"SearchAction\",\"target\":{\"@type\":\"EntryPoint\",\"urlTemplate\":\"https:\\\/\\\/jet-cleaning.com\\\/es\\\/?s={search_term_string}\"},\"query-input\":{\"@type\":\"PropertyValueSpecification\",\"valueRequired\":true,\"valueName\":\"search_term_string\"}}],\"inLanguage\":\"es\"}]}<\/script>\n<!-- \/ Yoast SEO plugin. -->","yoast_head_json":{"title":"M\u00e1quina de limpieza BioJet In-Press - Jet Cleaning","description":"BioJet es un m\u00e9todo respetuoso con el medio ambiente que limpia sus rodillos anilox de forma r\u00e1pida y eficaz. Siga leyendo para obtener m\u00e1s informaci\u00f3n sobre esta m\u00e1quina.","robots":{"index":"index","follow":"follow","max-snippet":"max-snippet:-1","max-image-preview":"max-image-preview:large","max-video-preview":"max-video-preview:-1"},"canonical":"https:\/\/jet-cleaning.com\/es\/biojet-inpress\/","og_locale":"es_ES","og_type":"article","og_title":"M\u00e1quina de limpieza BioJet In-Press - Jet Cleaning","og_description":"BioJet es un m\u00e9todo respetuoso con el medio ambiente que limpia sus rodillos anilox de forma r\u00e1pida y eficaz. Siga leyendo para obtener m\u00e1s informaci\u00f3n sobre esta m\u00e1quina.","og_url":"https:\/\/jet-cleaning.com\/es\/biojet-inpress\/","og_site_name":"Jet Cleaning","article_modified_time":"2021-03-23T17:20:08+00:00","og_image":[{"width":383,"height":335,"url":"https:\/\/jet-cleaning.com\/wp-content\/uploads\/2020\/03\/biojet-inpress.jpg","type":"image\/jpeg"}],"twitter_card":"summary_large_image","schema":{"@context":"https:\/\/schema.org","@graph":[{"@type":"WebPage","@id":"https:\/\/jet-cleaning.com\/es\/biojet-inpress\/","url":"https:\/\/jet-cleaning.com\/es\/biojet-inpress\/","name":"M\u00e1quina de limpieza BioJet In-Press - Jet Cleaning","isPartOf":{"@id":"https:\/\/jet-cleaning.com\/es\/#website"},"primaryImageOfPage":{"@id":"https:\/\/jet-cleaning.com\/es\/biojet-inpress\/#primaryimage"},"image":{"@id":"https:\/\/jet-cleaning.com\/es\/biojet-inpress\/#primaryimage"},"thumbnailUrl":"https:\/\/jet-cleaning.com\/wp-content\/uploads\/2020\/03\/biojet-inpress.jpg","datePublished":"2020-04-03T13:07:57+00:00","dateModified":"2021-03-23T17:20:08+00:00","description":"BioJet es un m\u00e9todo respetuoso con el medio ambiente que limpia sus rodillos anilox de forma r\u00e1pida y eficaz. Siga leyendo para obtener m\u00e1s informaci\u00f3n sobre esta m\u00e1quina.","breadcrumb":{"@id":"https:\/\/jet-cleaning.com\/es\/biojet-inpress\/#breadcrumb"},"inLanguage":"es","potentialAction":[{"@type":"ReadAction","target":["https:\/\/jet-cleaning.com\/es\/biojet-inpress\/"]}]},{"@type":"ImageObject","inLanguage":"es","@id":"https:\/\/jet-cleaning.com\/es\/biojet-inpress\/#primaryimage","url":"https:\/\/jet-cleaning.com\/wp-content\/uploads\/2020\/03\/biojet-inpress.jpg","contentUrl":"https:\/\/jet-cleaning.com\/wp-content\/uploads\/2020\/03\/biojet-inpress.jpg","width":383,"height":335,"caption":"BioJet inpress"},{"@type":"BreadcrumbList","@id":"https:\/\/jet-cleaning.com\/es\/biojet-inpress\/#breadcrumb","itemListElement":[{"@type":"ListItem","position":1,"name":"Home","item":"https:\/\/jet-cleaning.com\/es\/"},{"@type":"ListItem","position":2,"name":"Biojet inPress"}]},{"@type":"WebSite","@id":"https:\/\/jet-cleaning.com\/es\/#website","url":"https:\/\/jet-cleaning.com\/es\/","name":"Jet Cleaning","description":"Total cleaning solutions","potentialAction":[{"@type":"SearchAction","target":{"@type":"EntryPoint","urlTemplate":"https:\/\/jet-cleaning.com\/es\/?s={search_term_string}"},"query-input":{"@type":"PropertyValueSpecification","valueRequired":true,"valueName":"search_term_string"}}],"inLanguage":"es"}]}},"_links":{"self":[{"href":"https:\/\/jet-cleaning.com\/es\/wp-json\/wp\/v2\/pages\/2648","targetHints":{"allow":["GET"]}}],"collection":[{"href":"https:\/\/jet-cleaning.com\/es\/wp-json\/wp\/v2\/pages"}],"about":[{"href":"https:\/\/jet-cleaning.com\/es\/wp-json\/wp\/v2\/types\/page"}],"author":[{"embeddable":true,"href":"https:\/\/jet-cleaning.com\/es\/wp-json\/wp\/v2\/users\/1"}],"replies":[{"embeddable":true,"href":"https:\/\/jet-cleaning.com\/es\/wp-json\/wp\/v2\/comments?post=2648"}],"version-history":[{"count":8,"href":"https:\/\/jet-cleaning.com\/es\/wp-json\/wp\/v2\/pages\/2648\/revisions"}],"predecessor-version":[{"id":7884,"href":"https:\/\/jet-cleaning.com\/es\/wp-json\/wp\/v2\/pages\/2648\/revisions\/7884"}],"wp:featuredmedia":[{"embeddable":true,"href":"https:\/\/jet-cleaning.com\/es\/wp-json\/wp\/v2\/media\/2650"}],"wp:attachment":[{"href":"https:\/\/jet-cleaning.com\/es\/wp-json\/wp\/v2\/media?parent=2648"}],"curies":[{"name":"wp","href":"https:\/\/api.w.org\/{rel}","templated":true}]}}